{"id":2300,"date":"2025-06-12T15:07:57","date_gmt":"2025-06-12T15:07:57","guid":{"rendered":"https:\/\/softdrop.es\/?post_type=product&#038;p=2300"},"modified":"2025-06-12T15:07:57","modified_gmt":"2025-06-12T15:07:57","slug":"raton-con-cable-hama-mc-200","status":"publish","type":"product","link":"https:\/\/softdrop.es\/?product=raton-con-cable-hama-mc-200","title":{"rendered":"Rat\u00f3n con cable Hama MC-200, USB, \u00f3ptico, 1200 DPI, negro"},"content":{"rendered":"<h3 data-start=\"509\" data-end=\"539\">Caracter\u00edsticas generales:<\/h3>\n<ul data-start=\"540\" data-end=\"977\">\n<li data-start=\"540\" data-end=\"559\">\n<p data-start=\"542\" data-end=\"559\"><strong data-start=\"542\" data-end=\"552\">Marca:<\/strong> Hama<\/p>\n<\/li>\n<li data-start=\"560\" data-end=\"582\">\n<p data-start=\"562\" data-end=\"582\"><strong data-start=\"562\" data-end=\"573\">Modelo:<\/strong> MC-200<\/p>\n<\/li>\n<li data-start=\"583\" data-end=\"623\">\n<p data-start=\"585\" data-end=\"623\"><strong data-start=\"585\" data-end=\"606\">Tipo de conexi\u00f3n:<\/strong> USB (cableado)<\/p>\n<\/li>\n<li data-start=\"624\" data-end=\"660\">\n<p data-start=\"626\" data-end=\"660\"><strong data-start=\"626\" data-end=\"651\">Tecnolog\u00eda de sensor:<\/strong> \u00d3ptico<\/p>\n<\/li>\n<li data-start=\"661\" data-end=\"689\">\n<p data-start=\"663\" data-end=\"689\"><strong data-start=\"663\" data-end=\"678\">Resoluci\u00f3n:<\/strong> 1200 DPI<\/p>\n<\/li>\n<li data-start=\"690\" data-end=\"754\">\n<p data-start=\"692\" data-end=\"754\"><strong data-start=\"692\" data-end=\"714\">N\u00famero de botones:<\/strong> 3 (izquierdo, derecho, rueda central)<\/p>\n<\/li>\n<li data-start=\"755\" data-end=\"810\">\n<p data-start=\"757\" data-end=\"810\"><strong data-start=\"757\" data-end=\"768\">Dise\u00f1o:<\/strong> Sim\u00e9trico (apto para zurdos y diestros)<\/p>\n<\/li>\n<li data-start=\"811\" data-end=\"831\">\n<p data-start=\"813\" data-end=\"831\"><strong data-start=\"813\" data-end=\"823\">Color:<\/strong> Negro<\/p>\n<\/li>\n<li data-start=\"832\" data-end=\"904\">\n<p data-start=\"834\" data-end=\"904\"><strong data-start=\"834\" data-end=\"853\">Compatibilidad:<\/strong> Windows, macOS, Linux (Plug &amp; Play, sin drivers)<\/p>\n<\/li>\n<li data-start=\"905\" data-end=\"977\">\n<p data-start=\"907\" data-end=\"977\"><strong data-start=\"907\" data-end=\"927\">Uso recomendado:<\/strong> Oficina, navegaci\u00f3n web, estudiantes, uso general<\/p>\n<\/li>\n<\/ul>\n<h3 data-start=\"979\" data-end=\"992\">Ventajas:<\/h3>\n<ul data-start=\"993\" data-end=\"1198\">\n<li data-start=\"993\" data-end=\"1048\">\n<p data-start=\"995\" data-end=\"1048\">Conexi\u00f3n fiable sin necesidad de pilas ni recargas.<\/p>\n<\/li>\n<li data-start=\"1049\" data-end=\"1115\">\n<p data-start=\"1051\" data-end=\"1115\">Tama\u00f1o compacto, ideal para escritorios peque\u00f1os o port\u00e1tiles.<\/p>\n<\/li>\n<li data-start=\"1116\" data-end=\"1159\">\n<p data-start=\"1118\" data-end=\"1159\">Buena precisi\u00f3n para tareas cotidianas.<\/p>\n<\/li>\n<li data-start=\"1160\" data-end=\"1198\">\n<p data-start=\"1162\" data-end=\"1198\">Excelente relaci\u00f3n calidad-precio.<\/p>\n<\/li>\n<\/ul>\n<p data-start=\"1344\" data-end=\"1378\">\n<hr data-start=\"1380\" data-end=\"1383\" \/>\n<h2 data-start=\"1385\" data-end=\"1402\">\ud83d\udce6 Ideal para:<\/h2>\n<ul data-start=\"1403\" data-end=\"1536\">\n<li data-start=\"1403\" data-end=\"1474\">\n<p data-start=\"1405\" data-end=\"1474\">Oficinas, clases virtuales, tareas administrativas y uso dom\u00e9stico.<\/p>\n<\/li>\n<li data-start=\"1475\" data-end=\"1536\">\n<p data-start=\"1477\" data-end=\"1536\">Usuarios que buscan un rat\u00f3n econ\u00f3mico, fiable y funcional.<\/p>\n<\/li>\n<\/ul>\n<hr data-start=\"1538\" data-end=\"1541\" \/>\n","protected":false},"excerpt":{"rendered":"<p>Rat\u00f3n \u00f3ptico con cable USB de la marca Hama, ideal para uso dom\u00e9stico o de oficina. Ofrece un dise\u00f1o sim\u00e9trico apto para diestros y zurdos, con 3 botones y resoluci\u00f3n de 1200 DPI para un control preciso del cursor.<\/p>\n","protected":false},"featured_media":2301,"comment_status":"open","ping_status":"closed","template":"","meta":{"_bst_post_transparent":"default","_bst_post_title":"","_bst_post_layout":"default","_bst_post_sidebar_id":"","_bst_post_content_style":"default","_bst_post_vertical_padding":"default","_bst_post_feature":"","_bst_post_feature_position":"","_bst_post_header":false,"_bst_post_footer":false},"product_brand":[146],"product_cat":[149],"product_tag":[],"product_brands":[],"class_list":{"0":"post-2300","1":"product","2":"type-product","3":"status-publish","4":"has-post-thumbnail","6":"product_brand-hama","7":"product_cat-raton","9":"first","10":"instock","11":"sale","12":"shipping-taxable","13":"purchasable","14":"product-type-simple","15":"entry","16":"content-bg","17":"loop-entry"},"yoast_head":"<!-- This site is optimized with the Yoast SEO plugin v25.1 - https:\/\/yoast.com\/wordpress\/plugins\/seo\/ -->\n<title>Rat\u00f3n con cable Hama MC-200, USB, \u00f3ptico, 1200 DPI, negro - SoftDrop<\/title>\n<meta name=\"description\" content=\"Rat\u00f3n \u00f3ptico con cable USB de la marca Hama, ideal para uso dom\u00e9stico o de oficina. Ofrece un dise\u00f1o sim\u00e9trico apto para diestros y zurdos.\" \/>\n<meta name=\"robots\" content=\"index, follow, max-snippet:-1, max-image-preview:large, max-video-preview:-1\" \/>\n<link rel=\"canonical\" href=\"https:\/\/softdrop.es\/?product=raton-con-cable-hama-mc-200\" \/>\n<meta property=\"og:locale\" content=\"es_ES\" \/>\n<meta property=\"og:type\" content=\"article\" \/>\n<meta property=\"og:title\" content=\"Rat\u00f3n con cable Hama MC-200, USB, \u00f3ptico, 1200 DPI, negro - SoftDrop\" \/>\n<meta property=\"og:description\" content=\"Rat\u00f3n \u00f3ptico con cable USB de la marca Hama, ideal para uso dom\u00e9stico o de oficina. Ofrece un dise\u00f1o sim\u00e9trico apto para diestros y zurdos.\" \/>\n<meta property=\"og:url\" content=\"https:\/\/softdrop.es\/?product=raton-con-cable-hama-mc-200\" \/>\n<meta property=\"og:site_name\" content=\"SoftDrop\" \/>\n<meta property=\"og:image\" content=\"https:\/\/softdrop.es\/wp-content\/uploads\/2025\/06\/dkajdflakfds.jpg\" \/>\n\t<meta property=\"og:image:width\" content=\"1000\" \/>\n\t<meta property=\"og:image:height\" content=\"550\" \/>\n\t<meta property=\"og:image:type\" content=\"image\/jpeg\" \/>\n<meta name=\"twitter:card\" content=\"summary_large_image\" \/>\n<meta name=\"twitter:label1\" content=\"Tiempo de lectura\" \/>\n\t<meta name=\"twitter:data1\" content=\"1 minuto\" \/>\n<script type=\"application\/ld+json\" class=\"yoast-schema-graph\">{\"@context\":\"https:\/\/schema.org\",\"@graph\":[{\"@type\":\"WebPage\",\"@id\":\"https:\/\/softdrop.es\/?product=raton-con-cable-hama-mc-200\",\"url\":\"https:\/\/softdrop.es\/?product=raton-con-cable-hama-mc-200\",\"name\":\"Rat\u00f3n con cable Hama MC-200, USB, \u00f3ptico, 1200 DPI, negro - SoftDrop\",\"isPartOf\":{\"@id\":\"http:\/\/softdrop.es\/#website\"},\"primaryImageOfPage\":{\"@id\":\"https:\/\/softdrop.es\/?product=raton-con-cable-hama-mc-200#primaryimage\"},\"image\":{\"@id\":\"https:\/\/softdrop.es\/?product=raton-con-cable-hama-mc-200#primaryimage\"},\"thumbnailUrl\":\"https:\/\/softdrop.es\/wp-content\/uploads\/2025\/06\/dkajdflakfds.jpg\",\"datePublished\":\"2025-06-12T15:07:57+00:00\",\"description\":\"Rat\u00f3n \u00f3ptico con cable USB de la marca Hama, ideal para uso dom\u00e9stico o de oficina. Ofrece un dise\u00f1o sim\u00e9trico apto para diestros y zurdos.\",\"breadcrumb\":{\"@id\":\"https:\/\/softdrop.es\/?product=raton-con-cable-hama-mc-200#breadcrumb\"},\"inLanguage\":\"es\",\"potentialAction\":[{\"@type\":\"ReadAction\",\"target\":[\"https:\/\/softdrop.es\/?product=raton-con-cable-hama-mc-200\"]}]},{\"@type\":\"ImageObject\",\"inLanguage\":\"es\",\"@id\":\"https:\/\/softdrop.es\/?product=raton-con-cable-hama-mc-200#primaryimage\",\"url\":\"https:\/\/softdrop.es\/wp-content\/uploads\/2025\/06\/dkajdflakfds.jpg\",\"contentUrl\":\"https:\/\/softdrop.es\/wp-content\/uploads\/2025\/06\/dkajdflakfds.jpg\",\"width\":1000,\"height\":550},{\"@type\":\"BreadcrumbList\",\"@id\":\"https:\/\/softdrop.es\/?product=raton-con-cable-hama-mc-200#breadcrumb\",\"itemListElement\":[{\"@type\":\"ListItem\",\"position\":1,\"name\":\"Home\",\"item\":\"https:\/\/softdrop.es\/\"},{\"@type\":\"ListItem\",\"position\":2,\"name\":\"tienda\",\"item\":\"https:\/\/softdrop.es\/?page_id=5\"},{\"@type\":\"ListItem\",\"position\":3,\"name\":\"Rat\u00f3n con cable Hama MC-200, USB, \u00f3ptico, 1200 DPI, negro\"}]},{\"@type\":\"WebSite\",\"@id\":\"http:\/\/softdrop.es\/#website\",\"url\":\"http:\/\/softdrop.es\/\",\"name\":\"SoftDrop\",\"description\":\"\",\"publisher\":{\"@id\":\"http:\/\/softdrop.es\/#organization\"},\"potentialAction\":[{\"@type\":\"SearchAction\",\"target\":{\"@type\":\"EntryPoint\",\"urlTemplate\":\"http:\/\/softdrop.es\/?s={search_term_string}\"},\"query-input\":{\"@type\":\"PropertyValueSpecification\",\"valueRequired\":true,\"valueName\":\"search_term_string\"}}],\"inLanguage\":\"es\"},{\"@type\":\"Organization\",\"@id\":\"http:\/\/softdrop.es\/#organization\",\"name\":\"SoftDrop\",\"url\":\"http:\/\/softdrop.es\/\",\"logo\":{\"@type\":\"ImageObject\",\"inLanguage\":\"es\",\"@id\":\"http:\/\/softdrop.es\/#\/schema\/logo\/image\/\",\"url\":\"https:\/\/softdrop.es\/wp-content\/uploads\/2025\/05\/cropped-softdropLogo.png\",\"contentUrl\":\"https:\/\/softdrop.es\/wp-content\/uploads\/2025\/05\/cropped-softdropLogo.png\",\"width\":957,\"height\":382,\"caption\":\"SoftDrop\"},\"image\":{\"@id\":\"http:\/\/softdrop.es\/#\/schema\/logo\/image\/\"}}]}<\/script>\n<!-- \/ Yoast SEO plugin. -->","yoast_head_json":{"title":"Rat\u00f3n con cable Hama MC-200, USB, \u00f3ptico, 1200 DPI, negro - SoftDrop","description":"Rat\u00f3n \u00f3ptico con cable USB de la marca Hama, ideal para uso dom\u00e9stico o de oficina. Ofrece un dise\u00f1o sim\u00e9trico apto para diestros y zurdos.","robots":{"index":"index","follow":"follow","max-snippet":"max-snippet:-1","max-image-preview":"max-image-preview:large","max-video-preview":"max-video-preview:-1"},"canonical":"https:\/\/softdrop.es\/?product=raton-con-cable-hama-mc-200","og_locale":"es_ES","og_type":"article","og_title":"Rat\u00f3n con cable Hama MC-200, USB, \u00f3ptico, 1200 DPI, negro - SoftDrop","og_description":"Rat\u00f3n \u00f3ptico con cable USB de la marca Hama, ideal para uso dom\u00e9stico o de oficina. Ofrece un dise\u00f1o sim\u00e9trico apto para diestros y zurdos.","og_url":"https:\/\/softdrop.es\/?product=raton-con-cable-hama-mc-200","og_site_name":"SoftDrop","og_image":[{"width":1000,"height":550,"url":"https:\/\/softdrop.es\/wp-content\/uploads\/2025\/06\/dkajdflakfds.jpg","type":"image\/jpeg"}],"twitter_card":"summary_large_image","twitter_misc":{"Tiempo de lectura":"1 minuto"},"schema":{"@context":"https:\/\/schema.org","@graph":[{"@type":"WebPage","@id":"https:\/\/softdrop.es\/?product=raton-con-cable-hama-mc-200","url":"https:\/\/softdrop.es\/?product=raton-con-cable-hama-mc-200","name":"Rat\u00f3n con cable Hama MC-200, USB, \u00f3ptico, 1200 DPI, negro - SoftDrop","isPartOf":{"@id":"http:\/\/softdrop.es\/#website"},"primaryImageOfPage":{"@id":"https:\/\/softdrop.es\/?product=raton-con-cable-hama-mc-200#primaryimage"},"image":{"@id":"https:\/\/softdrop.es\/?product=raton-con-cable-hama-mc-200#primaryimage"},"thumbnailUrl":"https:\/\/softdrop.es\/wp-content\/uploads\/2025\/06\/dkajdflakfds.jpg","datePublished":"2025-06-12T15:07:57+00:00","description":"Rat\u00f3n \u00f3ptico con cable USB de la marca Hama, ideal para uso dom\u00e9stico o de oficina. Ofrece un dise\u00f1o sim\u00e9trico apto para diestros y zurdos.","breadcrumb":{"@id":"https:\/\/softdrop.es\/?product=raton-con-cable-hama-mc-200#breadcrumb"},"inLanguage":"es","potentialAction":[{"@type":"ReadAction","target":["https:\/\/softdrop.es\/?product=raton-con-cable-hama-mc-200"]}]},{"@type":"ImageObject","inLanguage":"es","@id":"https:\/\/softdrop.es\/?product=raton-con-cable-hama-mc-200#primaryimage","url":"https:\/\/softdrop.es\/wp-content\/uploads\/2025\/06\/dkajdflakfds.jpg","contentUrl":"https:\/\/softdrop.es\/wp-content\/uploads\/2025\/06\/dkajdflakfds.jpg","width":1000,"height":550},{"@type":"BreadcrumbList","@id":"https:\/\/softdrop.es\/?product=raton-con-cable-hama-mc-200#breadcrumb","itemListElement":[{"@type":"ListItem","position":1,"name":"Home","item":"https:\/\/softdrop.es\/"},{"@type":"ListItem","position":2,"name":"tienda","item":"https:\/\/softdrop.es\/?page_id=5"},{"@type":"ListItem","position":3,"name":"Rat\u00f3n con cable Hama MC-200, USB, \u00f3ptico, 1200 DPI, negro"}]},{"@type":"WebSite","@id":"http:\/\/softdrop.es\/#website","url":"http:\/\/softdrop.es\/","name":"SoftDrop","description":"","publisher":{"@id":"http:\/\/softdrop.es\/#organization"},"potentialAction":[{"@type":"SearchAction","target":{"@type":"EntryPoint","urlTemplate":"http:\/\/softdrop.es\/?s={search_term_string}"},"query-input":{"@type":"PropertyValueSpecification","valueRequired":true,"valueName":"search_term_string"}}],"inLanguage":"es"},{"@type":"Organization","@id":"http:\/\/softdrop.es\/#organization","name":"SoftDrop","url":"http:\/\/softdrop.es\/","logo":{"@type":"ImageObject","inLanguage":"es","@id":"http:\/\/softdrop.es\/#\/schema\/logo\/image\/","url":"https:\/\/softdrop.es\/wp-content\/uploads\/2025\/05\/cropped-softdropLogo.png","contentUrl":"https:\/\/softdrop.es\/wp-content\/uploads\/2025\/05\/cropped-softdropLogo.png","width":957,"height":382,"caption":"SoftDrop"},"image":{"@id":"http:\/\/softdrop.es\/#\/schema\/logo\/image\/"}}]}},"_links":{"self":[{"href":"https:\/\/softdrop.es\/index.php?rest_route=\/wp\/v2\/product\/2300","targetHints":{"allow":["GET"]}}],"collection":[{"href":"https:\/\/softdrop.es\/index.php?rest_route=\/wp\/v2\/product"}],"about":[{"href":"https:\/\/softdrop.es\/index.php?rest_route=\/wp\/v2\/types\/product"}],"replies":[{"embeddable":true,"href":"https:\/\/softdrop.es\/index.php?rest_route=%2Fwp%2Fv2%2Fcomments&post=2300"}],"wp:featuredmedia":[{"embeddable":true,"href":"https:\/\/softdrop.es\/index.php?rest_route=\/wp\/v2\/media\/2301"}],"wp:attachment":[{"href":"https:\/\/softdrop.es\/index.php?rest_route=%2Fwp%2Fv2%2Fmedia&parent=2300"}],"wp:term":[{"taxonomy":"product_brand","embeddable":true,"href":"https:\/\/softdrop.es\/index.php?rest_route=%2Fwp%2Fv2%2Fproduct_brand&post=2300"},{"taxonomy":"product_cat","embeddable":true,"href":"https:\/\/softdrop.es\/index.php?rest_route=%2Fwp%2Fv2%2Fproduct_cat&post=2300"},{"taxonomy":"product_tag","embeddable":true,"href":"https:\/\/softdrop.es\/index.php?rest_route=%2Fwp%2Fv2%2Fproduct_tag&post=2300"},{"taxonomy":"product_brands","embeddable":true,"href":"https:\/\/softdrop.es\/index.php?rest_route=%2Fwp%2Fv2%2Fproduct_brands&post=2300"}],"curies":[{"name":"wp","href":"https:\/\/api.w.org\/{rel}","templated":true}]}}