{"id":2297,"date":"2025-06-12T14:56:07","date_gmt":"2025-06-12T14:56:07","guid":{"rendered":"https:\/\/softdrop.es\/?post_type=product&#038;p=2297"},"modified":"2025-06-12T14:56:07","modified_gmt":"2025-06-12T14:56:07","slug":"memoria-usb-hama-rotate","status":"publish","type":"product","link":"https:\/\/softdrop.es\/?product=memoria-usb-hama-rotate","title":{"rendered":"Memoria USB Hama Rotate, 8 GB, USB 2.0, hasta 10\u202fMB\/s"},"content":{"rendered":"<h3 data-start=\"421\" data-end=\"448\">Dise\u00f1o y construcci\u00f3n<\/h3>\n<ul data-start=\"449\" data-end=\"611\">\n<li data-start=\"449\" data-end=\"490\">\n<p data-start=\"451\" data-end=\"490\"><span class=\"relative -mx-px my-[-0.2rem] rounded px-px py-[0.2rem] transition-colors duration-100 ease-in-out\"><strong data-start=\"0\" data-end=\"31\" data-is-only-node=\"\">Formato compacto y pr\u00e1ctico<\/strong>: tama\u00f1o reducido que facilita transportarlo en el llavero o bolsillo.<\/span><\/p>\n<\/li>\n<li data-start=\"491\" data-end=\"532\">\n<p data-start=\"493\" data-end=\"532\"><span class=\"relative -mx-px my-[-0.2rem] rounded px-px py-[0.2rem] transition-colors duration-100 ease-in-out\"><strong data-start=\"0\" data-end=\"22\" data-is-only-node=\"\">Carcasa resistente<\/strong>: dise\u00f1ada para proteger el conector USB cuando no est\u00e1 en uso.<\/span><\/p>\n<\/li>\n<li data-start=\"533\" data-end=\"611\">\n<p data-start=\"535\" data-end=\"611\"><span class=\"relative -mx-px my-[-0.2rem] rounded px-px py-[0.2rem] transition-colors duration-100 ease-in-out\"><strong data-start=\"0\" data-end=\"20\" data-is-only-node=\"\">Marca reconocida<\/strong>: Hama es destacada por su calidad en accesorios electr\u00f3nicos, y Integral ofrece versiones equivalentes bajo una marca europea consolidada<\/span><\/p>\n<\/li>\n<\/ul>\n<h3 data-start=\"613\" data-end=\"644\">Especificaciones t\u00e9cnicas<\/h3>\n<ul data-start=\"645\" data-end=\"849\">\n<li data-start=\"645\" data-end=\"686\">\n<p data-start=\"647\" data-end=\"686\"><span class=\"relative -mx-px my-[-0.2rem] rounded px-px py-[0.2rem] transition-colors duration-100 ease-in-out\"><strong data-start=\"0\" data-end=\"32\" data-is-only-node=\"\">Capacidad de almacenamiento:<\/strong> 8\u202fGB (aprox. 5,000 fotos o 8,000 documentos de texto).<\/span><\/p>\n<\/li>\n<li data-start=\"687\" data-end=\"728\">\n<p data-start=\"689\" data-end=\"728\"><span class=\"relative -mx-px my-[-0.2rem] rounded px-px py-[0.2rem] transition-colors duration-100 ease-in-out\"><strong data-start=\"0\" data-end=\"13\" data-is-only-node=\"\">Interfaz:<\/strong> USB 2.0 \u2013 conexi\u00f3n est\u00e1ndar, compatible con la mayor\u00eda de ordenadores, carcasas multimedia, impresoras, etc.<\/span><\/p>\n<\/li>\n<li data-start=\"729\" data-end=\"809\">\n<p data-start=\"731\" data-end=\"809\"><span class=\"relative -mx-px my-[-0.2rem] rounded px-px py-[0.2rem] transition-colors duration-100 ease-in-out\"><strong data-start=\"0\" data-end=\"40\" data-is-only-node=\"\">Velocidad de transferencia estimada:<\/strong> hasta ~30\u201340\u202fMB\/s lectura; adecuado para archivos peque\u00f1os o uso diario<\/span> <span class=\"\" data-state=\"closed\"><span class=\"ms-1 inline-flex max-w-full items-center relative top-[-0.094rem] animate-[show_150ms_ease-in]\"><a class=\"flex h-4.5 overflow-hidden rounded-xl px-2 text-[0.5625em] font-medium text-token-text-secondary! bg-[#F4F4F4]! dark:bg-[#303030]! transition-colors duration-150 ease-in-out\" href=\"https:\/\/ssd-tester.com\/usb_flash_drive_test.php?utm_source=chatgpt.com\" target=\"_blank\" rel=\"noopener\"><span class=\"relative start-0 bottom-0 flex h-full w-full items-center\"><span class=\"flex h-4 w-full items-center justify-between overflow-hidden\"><span class=\"max-w-full grow truncate overflow-hidden text-center\">ssd-tester.com<\/span><\/span><\/span><\/a><\/span><\/span>.<\/p>\n<\/li>\n<li data-start=\"810\" data-end=\"849\">\n<p data-start=\"812\" data-end=\"849\"><span class=\"relative -mx-px my-[-0.2rem] rounded px-px py-[0.2rem] transition-colors duration-100 ease-in-out\"><strong data-start=\"0\" data-end=\"19\" data-is-only-node=\"\">Compatibilidad:<\/strong> Plug\u2011and\u2011play, sin necesidad de drivers. Funciona con Windows, macOS, Linux y muchos otros dispositivos USB.<\/span><\/p>\n<\/li>\n<\/ul>\n<h3 data-start=\"851\" data-end=\"874\">Usos recomendados<\/h3>\n<ul data-start=\"875\" data-end=\"1004\">\n<li data-start=\"875\" data-end=\"918\">\n<p data-start=\"877\" data-end=\"918\"><span class=\"relative -mx-px my-[-0.2rem] rounded px-px py-[0.2rem] transition-colors duration-100 ease-in-out\"><strong data-start=\"0\" data-end=\"54\" data-is-only-node=\"\">Almacenamiento y transferencia de archivos ligeros<\/strong> (documentos, fotos, presentaciones).<\/span><\/p>\n<\/li>\n<li data-start=\"919\" data-end=\"962\">\n<p data-start=\"921\" data-end=\"962\"><span class=\"relative -mx-px my-[-0.2rem] rounded px-px py-[0.2rem] transition-colors duration-100 ease-in-out\"><strong data-start=\"0\" data-end=\"47\" data-is-only-node=\"\">Transporte de datos personales o de trabajo<\/strong> de manera r\u00e1pida y segura.<\/span><\/p>\n<\/li>\n<li data-start=\"963\" data-end=\"1004\">\n<p data-start=\"965\" data-end=\"1004\"><span class=\"relative -mx-px my-[-0.2rem] rounded px-px py-[0.2rem] transition-colors duration-100 ease-in-out\"><strong data-start=\"0\" data-end=\"45\" data-is-only-node=\"\">Copias de seguridad temporales o urgentes<\/strong> cuando no tienes acceso a servicios en la nube.<\/span><\/p>\n<\/li>\n<\/ul>\n<h2 data-start=\"1169\" data-end=\"1199\">\u2705 Ventajas y limitaciones<\/h2>\n<p data-start=\"1201\" data-end=\"1215\"><strong data-start=\"1201\" data-end=\"1213\">Ventajas<\/strong><\/p>\n<ul data-start=\"1216\" data-end=\"1359\">\n<li data-start=\"1216\" data-end=\"1261\">\n<p data-start=\"1218\" data-end=\"1261\">Precio econ\u00f3mico, por debajo de los 10\u202f\u20ac.<\/p>\n<\/li>\n<li data-start=\"1262\" data-end=\"1296\">\n<p data-start=\"1264\" data-end=\"1296\">Calidad de una marca conocida.<\/p>\n<\/li>\n<li data-start=\"1297\" data-end=\"1359\">\n<p data-start=\"1299\" data-end=\"1359\">Tama\u00f1o compacto y funcionalidad pr\u00e1ctica para uso cotidiano.<\/p>\n<\/li>\n<\/ul>\n<p data-start=\"1361\" data-end=\"1379\"><strong data-start=\"1361\" data-end=\"1377\">Limitaciones<\/strong><\/p>\n<ul data-start=\"1380\" data-end=\"1635\">\n<li data-start=\"1380\" data-end=\"1457\">\n<p data-start=\"1382\" data-end=\"1457\">Interfaz USB 2.0, no apto para transferencias masivas o archivos pesados.<\/p>\n<\/li>\n<li data-start=\"1458\" data-end=\"1552\">\n<p data-start=\"1460\" data-end=\"1552\">No ofrece cifrado ni funciones extra como protecci\u00f3n por contrase\u00f1a o resistencia al agua.<\/p>\n<\/li>\n<li data-start=\"1553\" data-end=\"1635\">\n<p data-start=\"1555\" data-end=\"1635\">Durabilidad limitada comparada con gamas superiores; mejor tratarlo con cuidado.<\/p>\n<\/li>\n<\/ul>\n<p>\ud83d\uded2 Ficha resumen<\/p>\n<table>\n<thead>\n<tr>\n<th>Atributo<\/th>\n<th>Detalles<\/th>\n<\/tr>\n<\/thead>\n<tbody>\n<tr>\n<td><strong>Marca<\/strong><\/td>\n<td>Hama \/ Integral<\/td>\n<\/tr>\n<tr>\n<td><strong>Capacidad<\/strong><\/td>\n<td>8\u202fGB<\/td>\n<\/tr>\n<tr>\n<td><strong>Interfaz<\/strong><\/td>\n<td>USB 2.0<\/td>\n<\/tr>\n<tr>\n<td><strong>Velocidad<\/strong><\/td>\n<td>~30\u201340\u202fMB\/s lectura<\/td>\n<\/tr>\n<tr>\n<td><strong>Compatibilidad<\/strong><\/td>\n<td>Windows, macOS, Linux, multimedia<\/td>\n<\/tr>\n<tr>\n<td><strong>Precio estimado<\/strong><\/td>\n<td>\u20ac5\u20138 (Espa\u00f1a)<\/td>\n<\/tr>\n<tr>\n<td><strong>Ideal para<\/strong><\/td>\n<td>Documentos ligeros, fotos, copias<\/td>\n<\/tr>\n<\/tbody>\n<\/table>\n<hr data-start=\"1637\" data-end=\"1640\" \/>\n<hr data-start=\"1006\" data-end=\"1009\" \/>\n","protected":false},"excerpt":{"rendered":"<p><strong data-start=\"143\" data-end=\"153\">Marca:<\/strong> Hama (tambi\u00e9n disponible bajo la marca Integral)<br data-start=\"202\" data-end=\"205\" \/><strong data-start=\"205\" data-end=\"216\">Modelo:<\/strong> USB\u2011Stick 8\u202fGB, USB 2.0<br data-start=\"240\" data-end=\"243\" \/><strong data-start=\"243\" data-end=\"255\">Resumen:<\/strong> Dispositivo compacto y fiable para almacenamiento y transferencia de archivos. Ideal para documentos, fotos y copias de seguridad ligeras gracias a su dise\u00f1o sencillo y enfocado en la funcionalidad b\u00e1sica.<\/p>\n","protected":false},"featured_media":2298,"comment_status":"open","ping_status":"closed","template":"","meta":{"_bst_post_transparent":"default","_bst_post_title":"","_bst_post_layout":"default","_bst_post_sidebar_id":"","_bst_post_content_style":"default","_bst_post_vertical_padding":"default","_bst_post_feature":"","_bst_post_feature_position":"","_bst_post_header":false,"_bst_post_footer":false},"product_brand":[146],"product_cat":[135],"product_tag":[148],"product_brands":[147],"class_list":{"0":"post-2297","1":"product","2":"type-product","3":"status-publish","4":"has-post-thumbnail","6":"product_brand-hama","7":"product_cat-hub-usb","8":"product_tag-hama","9":"product_brands-hama","11":"first","12":"instock","13":"sale","14":"shipping-taxable","15":"purchasable","16":"product-type-simple","17":"entry","18":"content-bg","19":"loop-entry"},"yoast_head":"<!-- This site is optimized with the Yoast SEO plugin v25.1 - https:\/\/yoast.com\/wordpress\/plugins\/seo\/ -->\n<title>Memoria USB Hama Rotate, 8 GB, USB 2.0, hasta 10\u202fMB\/s - SoftDrop<\/title>\n<meta name=\"description\" content=\"Memoria USB Hama Rotate, 8 GB, USB 2.0, hasta 10\u202fMB\/s, Dispositivo compacto y fiable para almacenamiento y transferencia de archivos. Ideal para documentos\" \/>\n<meta name=\"robots\" content=\"index, follow, max-snippet:-1, max-image-preview:large, max-video-preview:-1\" \/>\n<link rel=\"canonical\" href=\"https:\/\/softdrop.es\/?product=memoria-usb-hama-rotate\" \/>\n<meta property=\"og:locale\" content=\"es_ES\" \/>\n<meta property=\"og:type\" content=\"article\" \/>\n<meta property=\"og:title\" content=\"Memoria USB Hama Rotate, 8 GB, USB 2.0, hasta 10\u202fMB\/s - SoftDrop\" \/>\n<meta property=\"og:description\" content=\"Memoria USB Hama Rotate, 8 GB, USB 2.0, hasta 10\u202fMB\/s, Dispositivo compacto y fiable para almacenamiento y transferencia de archivos. Ideal para documentos\" \/>\n<meta property=\"og:url\" content=\"https:\/\/softdrop.es\/?product=memoria-usb-hama-rotate\" \/>\n<meta property=\"og:site_name\" content=\"SoftDrop\" \/>\n<meta property=\"og:image\" content=\"https:\/\/softdrop.es\/wp-content\/uploads\/2025\/06\/519luSuC8L.jpg\" \/>\n\t<meta property=\"og:image:width\" content=\"1050\" \/>\n\t<meta property=\"og:image:height\" content=\"1050\" \/>\n\t<meta property=\"og:image:type\" content=\"image\/jpeg\" \/>\n<meta name=\"twitter:card\" content=\"summary_large_image\" \/>\n<meta name=\"twitter:label1\" content=\"Tiempo de lectura\" \/>\n\t<meta name=\"twitter:data1\" content=\"2 minutos\" \/>\n<script type=\"application\/ld+json\" class=\"yoast-schema-graph\">{\"@context\":\"https:\/\/schema.org\",\"@graph\":[{\"@type\":\"WebPage\",\"@id\":\"https:\/\/softdrop.es\/?product=memoria-usb-hama-rotate\",\"url\":\"https:\/\/softdrop.es\/?product=memoria-usb-hama-rotate\",\"name\":\"Memoria USB Hama Rotate, 8 GB, USB 2.0, hasta 10\u202fMB\/s - SoftDrop\",\"isPartOf\":{\"@id\":\"http:\/\/softdrop.es\/#website\"},\"primaryImageOfPage\":{\"@id\":\"https:\/\/softdrop.es\/?product=memoria-usb-hama-rotate#primaryimage\"},\"image\":{\"@id\":\"https:\/\/softdrop.es\/?product=memoria-usb-hama-rotate#primaryimage\"},\"thumbnailUrl\":\"https:\/\/softdrop.es\/wp-content\/uploads\/2025\/06\/519luSuC8L.jpg\",\"datePublished\":\"2025-06-12T14:56:07+00:00\",\"description\":\"Memoria USB Hama Rotate, 8 GB, USB 2.0, hasta 10\u202fMB\/s, Dispositivo compacto y fiable para almacenamiento y transferencia de archivos. Ideal para documentos\",\"breadcrumb\":{\"@id\":\"https:\/\/softdrop.es\/?product=memoria-usb-hama-rotate#breadcrumb\"},\"inLanguage\":\"es\",\"potentialAction\":[{\"@type\":\"ReadAction\",\"target\":[\"https:\/\/softdrop.es\/?product=memoria-usb-hama-rotate\"]}]},{\"@type\":\"ImageObject\",\"inLanguage\":\"es\",\"@id\":\"https:\/\/softdrop.es\/?product=memoria-usb-hama-rotate#primaryimage\",\"url\":\"https:\/\/softdrop.es\/wp-content\/uploads\/2025\/06\/519luSuC8L.jpg\",\"contentUrl\":\"https:\/\/softdrop.es\/wp-content\/uploads\/2025\/06\/519luSuC8L.jpg\",\"width\":1050,\"height\":1050},{\"@type\":\"BreadcrumbList\",\"@id\":\"https:\/\/softdrop.es\/?product=memoria-usb-hama-rotate#breadcrumb\",\"itemListElement\":[{\"@type\":\"ListItem\",\"position\":1,\"name\":\"Home\",\"item\":\"https:\/\/softdrop.es\/\"},{\"@type\":\"ListItem\",\"position\":2,\"name\":\"tienda\",\"item\":\"https:\/\/softdrop.es\/?page_id=5\"},{\"@type\":\"ListItem\",\"position\":3,\"name\":\"Memoria USB Hama Rotate, 8 GB, USB 2.0, hasta 10\u202fMB\/s\"}]},{\"@type\":\"WebSite\",\"@id\":\"http:\/\/softdrop.es\/#website\",\"url\":\"http:\/\/softdrop.es\/\",\"name\":\"SoftDrop\",\"description\":\"\",\"publisher\":{\"@id\":\"http:\/\/softdrop.es\/#organization\"},\"potentialAction\":[{\"@type\":\"SearchAction\",\"target\":{\"@type\":\"EntryPoint\",\"urlTemplate\":\"http:\/\/softdrop.es\/?s={search_term_string}\"},\"query-input\":{\"@type\":\"PropertyValueSpecification\",\"valueRequired\":true,\"valueName\":\"search_term_string\"}}],\"inLanguage\":\"es\"},{\"@type\":\"Organization\",\"@id\":\"http:\/\/softdrop.es\/#organization\",\"name\":\"SoftDrop\",\"url\":\"http:\/\/softdrop.es\/\",\"logo\":{\"@type\":\"ImageObject\",\"inLanguage\":\"es\",\"@id\":\"http:\/\/softdrop.es\/#\/schema\/logo\/image\/\",\"url\":\"https:\/\/softdrop.es\/wp-content\/uploads\/2025\/05\/cropped-softdropLogo.png\",\"contentUrl\":\"https:\/\/softdrop.es\/wp-content\/uploads\/2025\/05\/cropped-softdropLogo.png\",\"width\":957,\"height\":382,\"caption\":\"SoftDrop\"},\"image\":{\"@id\":\"http:\/\/softdrop.es\/#\/schema\/logo\/image\/\"}}]}<\/script>\n<!-- \/ Yoast SEO plugin. -->","yoast_head_json":{"title":"Memoria USB Hama Rotate, 8 GB, USB 2.0, hasta 10\u202fMB\/s - SoftDrop","description":"Memoria USB Hama Rotate, 8 GB, USB 2.0, hasta 10\u202fMB\/s, Dispositivo compacto y fiable para almacenamiento y transferencia de archivos. Ideal para documentos","robots":{"index":"index","follow":"follow","max-snippet":"max-snippet:-1","max-image-preview":"max-image-preview:large","max-video-preview":"max-video-preview:-1"},"canonical":"https:\/\/softdrop.es\/?product=memoria-usb-hama-rotate","og_locale":"es_ES","og_type":"article","og_title":"Memoria USB Hama Rotate, 8 GB, USB 2.0, hasta 10\u202fMB\/s - SoftDrop","og_description":"Memoria USB Hama Rotate, 8 GB, USB 2.0, hasta 10\u202fMB\/s, Dispositivo compacto y fiable para almacenamiento y transferencia de archivos. Ideal para documentos","og_url":"https:\/\/softdrop.es\/?product=memoria-usb-hama-rotate","og_site_name":"SoftDrop","og_image":[{"width":1050,"height":1050,"url":"https:\/\/softdrop.es\/wp-content\/uploads\/2025\/06\/519luSuC8L.jpg","type":"image\/jpeg"}],"twitter_card":"summary_large_image","twitter_misc":{"Tiempo de lectura":"2 minutos"},"schema":{"@context":"https:\/\/schema.org","@graph":[{"@type":"WebPage","@id":"https:\/\/softdrop.es\/?product=memoria-usb-hama-rotate","url":"https:\/\/softdrop.es\/?product=memoria-usb-hama-rotate","name":"Memoria USB Hama Rotate, 8 GB, USB 2.0, hasta 10\u202fMB\/s - SoftDrop","isPartOf":{"@id":"http:\/\/softdrop.es\/#website"},"primaryImageOfPage":{"@id":"https:\/\/softdrop.es\/?product=memoria-usb-hama-rotate#primaryimage"},"image":{"@id":"https:\/\/softdrop.es\/?product=memoria-usb-hama-rotate#primaryimage"},"thumbnailUrl":"https:\/\/softdrop.es\/wp-content\/uploads\/2025\/06\/519luSuC8L.jpg","datePublished":"2025-06-12T14:56:07+00:00","description":"Memoria USB Hama Rotate, 8 GB, USB 2.0, hasta 10\u202fMB\/s, Dispositivo compacto y fiable para almacenamiento y transferencia de archivos. Ideal para documentos","breadcrumb":{"@id":"https:\/\/softdrop.es\/?product=memoria-usb-hama-rotate#breadcrumb"},"inLanguage":"es","potentialAction":[{"@type":"ReadAction","target":["https:\/\/softdrop.es\/?product=memoria-usb-hama-rotate"]}]},{"@type":"ImageObject","inLanguage":"es","@id":"https:\/\/softdrop.es\/?product=memoria-usb-hama-rotate#primaryimage","url":"https:\/\/softdrop.es\/wp-content\/uploads\/2025\/06\/519luSuC8L.jpg","contentUrl":"https:\/\/softdrop.es\/wp-content\/uploads\/2025\/06\/519luSuC8L.jpg","width":1050,"height":1050},{"@type":"BreadcrumbList","@id":"https:\/\/softdrop.es\/?product=memoria-usb-hama-rotate#breadcrumb","itemListElement":[{"@type":"ListItem","position":1,"name":"Home","item":"https:\/\/softdrop.es\/"},{"@type":"ListItem","position":2,"name":"tienda","item":"https:\/\/softdrop.es\/?page_id=5"},{"@type":"ListItem","position":3,"name":"Memoria USB Hama Rotate, 8 GB, USB 2.0, hasta 10\u202fMB\/s"}]},{"@type":"WebSite","@id":"http:\/\/softdrop.es\/#website","url":"http:\/\/softdrop.es\/","name":"SoftDrop","description":"","publisher":{"@id":"http:\/\/softdrop.es\/#organization"},"potentialAction":[{"@type":"SearchAction","target":{"@type":"EntryPoint","urlTemplate":"http:\/\/softdrop.es\/?s={search_term_string}"},"query-input":{"@type":"PropertyValueSpecification","valueRequired":true,"valueName":"search_term_string"}}],"inLanguage":"es"},{"@type":"Organization","@id":"http:\/\/softdrop.es\/#organization","name":"SoftDrop","url":"http:\/\/softdrop.es\/","logo":{"@type":"ImageObject","inLanguage":"es","@id":"http:\/\/softdrop.es\/#\/schema\/logo\/image\/","url":"https:\/\/softdrop.es\/wp-content\/uploads\/2025\/05\/cropped-softdropLogo.png","contentUrl":"https:\/\/softdrop.es\/wp-content\/uploads\/2025\/05\/cropped-softdropLogo.png","width":957,"height":382,"caption":"SoftDrop"},"image":{"@id":"http:\/\/softdrop.es\/#\/schema\/logo\/image\/"}}]}},"_links":{"self":[{"href":"https:\/\/softdrop.es\/index.php?rest_route=\/wp\/v2\/product\/2297","targetHints":{"allow":["GET"]}}],"collection":[{"href":"https:\/\/softdrop.es\/index.php?rest_route=\/wp\/v2\/product"}],"about":[{"href":"https:\/\/softdrop.es\/index.php?rest_route=\/wp\/v2\/types\/product"}],"replies":[{"embeddable":true,"href":"https:\/\/softdrop.es\/index.php?rest_route=%2Fwp%2Fv2%2Fcomments&post=2297"}],"wp:featuredmedia":[{"embeddable":true,"href":"https:\/\/softdrop.es\/index.php?rest_route=\/wp\/v2\/media\/2298"}],"wp:attachment":[{"href":"https:\/\/softdrop.es\/index.php?rest_route=%2Fwp%2Fv2%2Fmedia&parent=2297"}],"wp:term":[{"taxonomy":"product_brand","embeddable":true,"href":"https:\/\/softdrop.es\/index.php?rest_route=%2Fwp%2Fv2%2Fproduct_brand&post=2297"},{"taxonomy":"product_cat","embeddable":true,"href":"https:\/\/softdrop.es\/index.php?rest_route=%2Fwp%2Fv2%2Fproduct_cat&post=2297"},{"taxonomy":"product_tag","embeddable":true,"href":"https:\/\/softdrop.es\/index.php?rest_route=%2Fwp%2Fv2%2Fproduct_tag&post=2297"},{"taxonomy":"product_brands","embeddable":true,"href":"https:\/\/softdrop.es\/index.php?rest_route=%2Fwp%2Fv2%2Fproduct_brands&post=2297"}],"curies":[{"name":"wp","href":"https:\/\/api.w.org\/{rel}","templated":true}]}}