{"id":2102,"date":"2025-05-23T14:23:21","date_gmt":"2025-05-23T14:23:21","guid":{"rendered":"https:\/\/softdrop.es\/?post_type=product&#038;p=2102"},"modified":"2025-05-23T14:23:21","modified_gmt":"2025-05-23T14:23:21","slug":"logitech-g-pro-x","status":"publish","type":"product","link":"https:\/\/softdrop.es\/?product=logitech-g-pro-x","title":{"rendered":"Logitech G Pro X"},"content":{"rendered":"<p data-start=\"198\" data-end=\"425\">Auriculares profesionales dise\u00f1ados para esports, con micr\u00f3fono desmontable con tecnolog\u00eda <strong data-start=\"289\" data-end=\"303\">Blue VO!CE<\/strong>, sonido envolvente DTS:X 2.0 y construcci\u00f3n premium de acero y aluminio. Rendimiento de estudio para gamers competitivos.<\/p>\n<hr data-start=\"427\" data-end=\"430\" \/>\n<h3 data-start=\"432\" data-end=\"472\">\ud83d\udce6 <strong data-start=\"439\" data-end=\"472\">Descripci\u00f3n Larga \/ Detallada<\/strong><\/h3>\n<p data-start=\"474\" data-end=\"728\">Los <strong data-start=\"478\" data-end=\"498\">Logitech G Pro X<\/strong> son unos auriculares con cable de alto rendimiento dise\u00f1ados en colaboraci\u00f3n con jugadores profesionales. Incorporan tecnolog\u00eda de audio avanzada y materiales de calidad para ofrecer una experiencia de juego envolvente y precisa.<\/p>\n<p data-start=\"730\" data-end=\"1029\">Su micr\u00f3fono desmontable con tecnolog\u00eda <strong data-start=\"770\" data-end=\"784\">Blue VO!CE<\/strong> proporciona comunicaciones n\u00edtidas y personalizables, mientras que el sonido envolvente <strong data-start=\"873\" data-end=\"896\">DTS Headphone:X 2.0<\/strong> te sit\u00faa en el centro de la acci\u00f3n. Est\u00e1n fabricados con una diadema reforzada de acero y copas de aluminio para m\u00e1xima durabilidad.<\/p>\n<p data-start=\"1031\" data-end=\"1196\">Gracias a sus almohadillas de espuma viscoel\u00e1stica con opciones en piel sint\u00e9tica o tela transpirable, garantizan comodidad incluso en sesiones de juego prolongadas.<\/p>\n<hr data-start=\"1198\" data-end=\"1201\" \/>\n<h3 data-start=\"1203\" data-end=\"1239\">\ud83d\udd27 <strong data-start=\"1210\" data-end=\"1239\">Especificaciones T\u00e9cnicas<\/strong><\/h3>\n<ul data-start=\"1241\" data-end=\"1796\">\n<li data-start=\"1241\" data-end=\"1288\">\n<p data-start=\"1243\" data-end=\"1288\"><strong data-start=\"1243\" data-end=\"1263\">Tipo de conexi\u00f3n<\/strong>: Cableado (USB y 3.5 mm)<\/p>\n<\/li>\n<li data-start=\"1289\" data-end=\"1324\">\n<p data-start=\"1291\" data-end=\"1324\"><strong data-start=\"1291\" data-end=\"1308\">Transductores<\/strong>: Pro-G de 50 mm<\/p>\n<\/li>\n<li data-start=\"1325\" data-end=\"1370\">\n<p data-start=\"1327\" data-end=\"1370\"><strong data-start=\"1327\" data-end=\"1354\">Respuesta de frecuencia<\/strong>: 20 Hz \u2013 20 kHz<\/p>\n<\/li>\n<li data-start=\"1371\" data-end=\"1506\">\n<p data-start=\"1373\" data-end=\"1387\"><strong data-start=\"1373\" data-end=\"1386\">Micr\u00f3fono<\/strong>:<\/p>\n<ul data-start=\"1390\" data-end=\"1506\">\n<li data-start=\"1390\" data-end=\"1422\">\n<p data-start=\"1392\" data-end=\"1422\">Tipo: Cardioide unidireccional<\/p>\n<\/li>\n<li data-start=\"1425\" data-end=\"1490\">\n<p data-start=\"1427\" data-end=\"1490\">Tecnolog\u00eda: Blue VO!CE (con cancelaci\u00f3n de ruido y ecualizador)<\/p>\n<\/li>\n<li data-start=\"1493\" data-end=\"1506\">\n<p data-start=\"1495\" data-end=\"1506\">Desmontable<\/p>\n<\/li>\n<\/ul>\n<\/li>\n<li data-start=\"1507\" data-end=\"1583\">\n<p data-start=\"1509\" data-end=\"1583\"><strong data-start=\"1509\" data-end=\"1530\">Sonido envolvente<\/strong>: DTS Headphone:X 2.0 (solo v\u00eda USB y software G HUB)<\/p>\n<\/li>\n<li data-start=\"1584\" data-end=\"1701\">\n<p data-start=\"1586\" data-end=\"1601\"><strong data-start=\"1586\" data-end=\"1600\">Materiales<\/strong>:<\/p>\n<ul data-start=\"1604\" data-end=\"1701\">\n<li data-start=\"1604\" data-end=\"1622\">\n<p data-start=\"1606\" data-end=\"1622\">Diadema de acero<\/p>\n<\/li>\n<li data-start=\"1625\" data-end=\"1644\">\n<p data-start=\"1627\" data-end=\"1644\">Copas de aluminio<\/p>\n<\/li>\n<li data-start=\"1647\" data-end=\"1701\">\n<p data-start=\"1649\" data-end=\"1701\">Almohadillas intercambiables (piel sint\u00e9tica \/ tela)<\/p>\n<\/li>\n<\/ul>\n<\/li>\n<li data-start=\"1702\" data-end=\"1726\">\n<p data-start=\"1704\" data-end=\"1726\"><strong data-start=\"1704\" data-end=\"1712\">Peso<\/strong>: 320 g aprox.<\/p>\n<\/li>\n<li data-start=\"1727\" data-end=\"1796\">\n<p data-start=\"1729\" data-end=\"1796\"><strong data-start=\"1729\" data-end=\"1747\">Compatibilidad<\/strong>: PC, PS5, Xbox (est\u00e9reo), Nintendo Switch, m\u00f3vil<\/p>\n<\/li>\n<\/ul>\n","protected":false},"excerpt":{"rendered":"<p>Auriculares profesionales dise\u00f1ados para esports, con micr\u00f3fono desmontable con tecnolog\u00eda <strong data-start=\"289\" data-end=\"303\">Blue VO!CE<\/strong>, sonido envolvente DTS:X 2.0 y construcci\u00f3n premium de acero y aluminio. Rendimiento de estudio para gamers competitivos.<\/p>\n","protected":false},"featured_media":2104,"comment_status":"open","ping_status":"closed","template":"","meta":{"_bst_post_transparent":"default","_bst_post_title":"","_bst_post_layout":"default","_bst_post_sidebar_id":"","_bst_post_content_style":"default","_bst_post_vertical_padding":"default","_bst_post_feature":"","_bst_post_feature_position":"","_bst_post_header":false,"_bst_post_footer":false},"product_brand":[],"product_cat":[132],"product_tag":[],"product_brands":[],"class_list":{"0":"post-2102","1":"product","2":"type-product","3":"status-publish","4":"has-post-thumbnail","6":"product_cat-perifericos-y-accesorios","8":"first","9":"instock","10":"sale","11":"shipping-taxable","12":"purchasable","13":"product-type-simple","14":"entry","15":"content-bg","16":"loop-entry"},"yoast_head":"<!-- This site is optimized with the Yoast SEO plugin v25.1 - https:\/\/yoast.com\/wordpress\/plugins\/seo\/ -->\n<title>Logitech G Pro X - SoftDrop<\/title>\n<meta name=\"robots\" content=\"index, follow, max-snippet:-1, max-image-preview:large, max-video-preview:-1\" \/>\n<link rel=\"canonical\" href=\"https:\/\/softdrop.es\/?product=logitech-g-pro-x\" \/>\n<meta property=\"og:locale\" content=\"es_ES\" \/>\n<meta property=\"og:type\" content=\"article\" \/>\n<meta property=\"og:title\" content=\"Logitech G Pro X - SoftDrop\" \/>\n<meta property=\"og:description\" content=\"Auriculares profesionales dise\u00f1ados para esports, con micr\u00f3fono desmontable con tecnolog\u00eda Blue VO!CE, sonido envolvente DTS:X 2.0 y construcci\u00f3n premium de acero y aluminio. Rendimiento de estudio para gamers competitivos.\" \/>\n<meta property=\"og:url\" content=\"https:\/\/softdrop.es\/?product=logitech-g-pro-x\" \/>\n<meta property=\"og:site_name\" content=\"SoftDrop\" \/>\n<meta property=\"og:image\" content=\"https:\/\/softdrop.es\/wp-content\/uploads\/2025\/05\/logitech-g-pro-x-2-lightspeed-black.jpg\" \/>\n\t<meta property=\"og:image:width\" content=\"1600\" \/>\n\t<meta property=\"og:image:height\" content=\"1600\" \/>\n\t<meta property=\"og:image:type\" content=\"image\/jpeg\" \/>\n<meta name=\"twitter:card\" content=\"summary_large_image\" \/>\n<meta name=\"twitter:label1\" content=\"Tiempo de lectura\" \/>\n\t<meta name=\"twitter:data1\" content=\"2 minutos\" \/>\n<script type=\"application\/ld+json\" class=\"yoast-schema-graph\">{\"@context\":\"https:\/\/schema.org\",\"@graph\":[{\"@type\":\"WebPage\",\"@id\":\"https:\/\/softdrop.es\/?product=logitech-g-pro-x\",\"url\":\"https:\/\/softdrop.es\/?product=logitech-g-pro-x\",\"name\":\"Logitech G Pro X - SoftDrop\",\"isPartOf\":{\"@id\":\"http:\/\/softdrop.es\/#website\"},\"primaryImageOfPage\":{\"@id\":\"https:\/\/softdrop.es\/?product=logitech-g-pro-x#primaryimage\"},\"image\":{\"@id\":\"https:\/\/softdrop.es\/?product=logitech-g-pro-x#primaryimage\"},\"thumbnailUrl\":\"https:\/\/softdrop.es\/wp-content\/uploads\/2025\/05\/logitech-g-pro-x-2-lightspeed-black.jpg\",\"datePublished\":\"2025-05-23T14:23:21+00:00\",\"breadcrumb\":{\"@id\":\"https:\/\/softdrop.es\/?product=logitech-g-pro-x#breadcrumb\"},\"inLanguage\":\"es\",\"potentialAction\":[{\"@type\":\"ReadAction\",\"target\":[\"https:\/\/softdrop.es\/?product=logitech-g-pro-x\"]}]},{\"@type\":\"ImageObject\",\"inLanguage\":\"es\",\"@id\":\"https:\/\/softdrop.es\/?product=logitech-g-pro-x#primaryimage\",\"url\":\"https:\/\/softdrop.es\/wp-content\/uploads\/2025\/05\/logitech-g-pro-x-2-lightspeed-black.jpg\",\"contentUrl\":\"https:\/\/softdrop.es\/wp-content\/uploads\/2025\/05\/logitech-g-pro-x-2-lightspeed-black.jpg\",\"width\":1600,\"height\":1600},{\"@type\":\"BreadcrumbList\",\"@id\":\"https:\/\/softdrop.es\/?product=logitech-g-pro-x#breadcrumb\",\"itemListElement\":[{\"@type\":\"ListItem\",\"position\":1,\"name\":\"Home\",\"item\":\"https:\/\/softdrop.es\/\"},{\"@type\":\"ListItem\",\"position\":2,\"name\":\"tienda\",\"item\":\"https:\/\/softdrop.es\/?page_id=5\"},{\"@type\":\"ListItem\",\"position\":3,\"name\":\"Logitech G Pro X\"}]},{\"@type\":\"WebSite\",\"@id\":\"http:\/\/softdrop.es\/#website\",\"url\":\"http:\/\/softdrop.es\/\",\"name\":\"SoftDrop\",\"description\":\"\",\"publisher\":{\"@id\":\"http:\/\/softdrop.es\/#organization\"},\"potentialAction\":[{\"@type\":\"SearchAction\",\"target\":{\"@type\":\"EntryPoint\",\"urlTemplate\":\"http:\/\/softdrop.es\/?s={search_term_string}\"},\"query-input\":{\"@type\":\"PropertyValueSpecification\",\"valueRequired\":true,\"valueName\":\"search_term_string\"}}],\"inLanguage\":\"es\"},{\"@type\":\"Organization\",\"@id\":\"http:\/\/softdrop.es\/#organization\",\"name\":\"SoftDrop\",\"url\":\"http:\/\/softdrop.es\/\",\"logo\":{\"@type\":\"ImageObject\",\"inLanguage\":\"es\",\"@id\":\"http:\/\/softdrop.es\/#\/schema\/logo\/image\/\",\"url\":\"https:\/\/softdrop.es\/wp-content\/uploads\/2025\/05\/cropped-softdropLogo.png\",\"contentUrl\":\"https:\/\/softdrop.es\/wp-content\/uploads\/2025\/05\/cropped-softdropLogo.png\",\"width\":957,\"height\":382,\"caption\":\"SoftDrop\"},\"image\":{\"@id\":\"http:\/\/softdrop.es\/#\/schema\/logo\/image\/\"}}]}<\/script>\n<!-- \/ Yoast SEO plugin. -->","yoast_head_json":{"title":"Logitech G Pro X - SoftDrop","robots":{"index":"index","follow":"follow","max-snippet":"max-snippet:-1","max-image-preview":"max-image-preview:large","max-video-preview":"max-video-preview:-1"},"canonical":"https:\/\/softdrop.es\/?product=logitech-g-pro-x","og_locale":"es_ES","og_type":"article","og_title":"Logitech G Pro X - SoftDrop","og_description":"Auriculares profesionales dise\u00f1ados para esports, con micr\u00f3fono desmontable con tecnolog\u00eda Blue VO!CE, sonido envolvente DTS:X 2.0 y construcci\u00f3n premium de acero y aluminio. Rendimiento de estudio para gamers competitivos.","og_url":"https:\/\/softdrop.es\/?product=logitech-g-pro-x","og_site_name":"SoftDrop","og_image":[{"width":1600,"height":1600,"url":"https:\/\/softdrop.es\/wp-content\/uploads\/2025\/05\/logitech-g-pro-x-2-lightspeed-black.jpg","type":"image\/jpeg"}],"twitter_card":"summary_large_image","twitter_misc":{"Tiempo de lectura":"2 minutos"},"schema":{"@context":"https:\/\/schema.org","@graph":[{"@type":"WebPage","@id":"https:\/\/softdrop.es\/?product=logitech-g-pro-x","url":"https:\/\/softdrop.es\/?product=logitech-g-pro-x","name":"Logitech G Pro X - SoftDrop","isPartOf":{"@id":"http:\/\/softdrop.es\/#website"},"primaryImageOfPage":{"@id":"https:\/\/softdrop.es\/?product=logitech-g-pro-x#primaryimage"},"image":{"@id":"https:\/\/softdrop.es\/?product=logitech-g-pro-x#primaryimage"},"thumbnailUrl":"https:\/\/softdrop.es\/wp-content\/uploads\/2025\/05\/logitech-g-pro-x-2-lightspeed-black.jpg","datePublished":"2025-05-23T14:23:21+00:00","breadcrumb":{"@id":"https:\/\/softdrop.es\/?product=logitech-g-pro-x#breadcrumb"},"inLanguage":"es","potentialAction":[{"@type":"ReadAction","target":["https:\/\/softdrop.es\/?product=logitech-g-pro-x"]}]},{"@type":"ImageObject","inLanguage":"es","@id":"https:\/\/softdrop.es\/?product=logitech-g-pro-x#primaryimage","url":"https:\/\/softdrop.es\/wp-content\/uploads\/2025\/05\/logitech-g-pro-x-2-lightspeed-black.jpg","contentUrl":"https:\/\/softdrop.es\/wp-content\/uploads\/2025\/05\/logitech-g-pro-x-2-lightspeed-black.jpg","width":1600,"height":1600},{"@type":"BreadcrumbList","@id":"https:\/\/softdrop.es\/?product=logitech-g-pro-x#breadcrumb","itemListElement":[{"@type":"ListItem","position":1,"name":"Home","item":"https:\/\/softdrop.es\/"},{"@type":"ListItem","position":2,"name":"tienda","item":"https:\/\/softdrop.es\/?page_id=5"},{"@type":"ListItem","position":3,"name":"Logitech G Pro X"}]},{"@type":"WebSite","@id":"http:\/\/softdrop.es\/#website","url":"http:\/\/softdrop.es\/","name":"SoftDrop","description":"","publisher":{"@id":"http:\/\/softdrop.es\/#organization"},"potentialAction":[{"@type":"SearchAction","target":{"@type":"EntryPoint","urlTemplate":"http:\/\/softdrop.es\/?s={search_term_string}"},"query-input":{"@type":"PropertyValueSpecification","valueRequired":true,"valueName":"search_term_string"}}],"inLanguage":"es"},{"@type":"Organization","@id":"http:\/\/softdrop.es\/#organization","name":"SoftDrop","url":"http:\/\/softdrop.es\/","logo":{"@type":"ImageObject","inLanguage":"es","@id":"http:\/\/softdrop.es\/#\/schema\/logo\/image\/","url":"https:\/\/softdrop.es\/wp-content\/uploads\/2025\/05\/cropped-softdropLogo.png","contentUrl":"https:\/\/softdrop.es\/wp-content\/uploads\/2025\/05\/cropped-softdropLogo.png","width":957,"height":382,"caption":"SoftDrop"},"image":{"@id":"http:\/\/softdrop.es\/#\/schema\/logo\/image\/"}}]}},"_links":{"self":[{"href":"https:\/\/softdrop.es\/index.php?rest_route=\/wp\/v2\/product\/2102","targetHints":{"allow":["GET"]}}],"collection":[{"href":"https:\/\/softdrop.es\/index.php?rest_route=\/wp\/v2\/product"}],"about":[{"href":"https:\/\/softdrop.es\/index.php?rest_route=\/wp\/v2\/types\/product"}],"replies":[{"embeddable":true,"href":"https:\/\/softdrop.es\/index.php?rest_route=%2Fwp%2Fv2%2Fcomments&post=2102"}],"wp:featuredmedia":[{"embeddable":true,"href":"https:\/\/softdrop.es\/index.php?rest_route=\/wp\/v2\/media\/2104"}],"wp:attachment":[{"href":"https:\/\/softdrop.es\/index.php?rest_route=%2Fwp%2Fv2%2Fmedia&parent=2102"}],"wp:term":[{"taxonomy":"product_brand","embeddable":true,"href":"https:\/\/softdrop.es\/index.php?rest_route=%2Fwp%2Fv2%2Fproduct_brand&post=2102"},{"taxonomy":"product_cat","embeddable":true,"href":"https:\/\/softdrop.es\/index.php?rest_route=%2Fwp%2Fv2%2Fproduct_cat&post=2102"},{"taxonomy":"product_tag","embeddable":true,"href":"https:\/\/softdrop.es\/index.php?rest_route=%2Fwp%2Fv2%2Fproduct_tag&post=2102"},{"taxonomy":"product_brands","embeddable":true,"href":"https:\/\/softdrop.es\/index.php?rest_route=%2Fwp%2Fv2%2Fproduct_brands&post=2102"}],"curies":[{"name":"wp","href":"https:\/\/api.w.org\/{rel}","templated":true}]}}