{"id":2096,"date":"2025-05-23T13:59:42","date_gmt":"2025-05-23T13:59:42","guid":{"rendered":"https:\/\/softdrop.es\/?post_type=product&#038;p=2096"},"modified":"2025-05-23T13:59:42","modified_gmt":"2025-05-23T13:59:42","slug":"corsair-rm850x-80-gold","status":"publish","type":"product","link":"https:\/\/softdrop.es\/?product=corsair-rm850x-80-gold","title":{"rendered":"Corsair RM850x 80+ Gold"},"content":{"rendered":"<p data-start=\"50\" data-end=\"317\">Fuente de alimentaci\u00f3n totalmente modular de <strong data-start=\"95\" data-end=\"103\">850W<\/strong> con certificaci\u00f3n <strong data-start=\"122\" data-end=\"138\">80 PLUS Gold<\/strong>, ideal para equipos de alto rendimiento. Silenciosa, eficiente y con condensadores 100% japoneses para m\u00e1xima fiabilidad y durabilidad. Compatible con los \u00faltimos est\u00e1ndares ATX.<\/p>\n<hr data-start=\"319\" data-end=\"322\" \/>\n<p data-start=\"324\" data-end=\"355\"><strong data-start=\"324\" data-end=\"355\">Caracter\u00edsticas destacadas:<\/strong><\/p>\n<ul data-start=\"357\" data-end=\"766\">\n<li data-start=\"357\" data-end=\"385\">\n<p data-start=\"359\" data-end=\"385\"><strong data-start=\"359\" data-end=\"371\">Potencia<\/strong>: 850 vatios<\/p>\n<\/li>\n<li data-start=\"386\" data-end=\"450\">\n<p data-start=\"388\" data-end=\"450\"><strong data-start=\"388\" data-end=\"405\">Certificaci\u00f3n<\/strong>: 80 PLUS Gold (alta eficiencia energ\u00e9tica)<\/p>\n<\/li>\n<li data-start=\"451\" data-end=\"519\">\n<p data-start=\"453\" data-end=\"519\"><strong data-start=\"453\" data-end=\"468\">Modularidad<\/strong>: Completamente modular (mejor gesti\u00f3n de cables)<\/p>\n<\/li>\n<li data-start=\"520\" data-end=\"592\">\n<p data-start=\"522\" data-end=\"592\"><strong data-start=\"522\" data-end=\"536\">Ventilador<\/strong>: 135 mm con modo Zero RPM (funcionamiento silencioso)<\/p>\n<\/li>\n<li data-start=\"593\" data-end=\"648\">\n<p data-start=\"595\" data-end=\"648\"><strong data-start=\"595\" data-end=\"622\">Condensadores japoneses<\/strong>: 105\u00b0C, calidad premium<\/p>\n<\/li>\n<li data-start=\"649\" data-end=\"687\">\n<p data-start=\"651\" data-end=\"687\"><strong data-start=\"651\" data-end=\"666\">Dimensiones<\/strong>: 160 x 150 x 86 mm<\/p>\n<\/li>\n<li data-start=\"688\" data-end=\"766\">\n<p data-start=\"690\" data-end=\"766\"><strong data-start=\"690\" data-end=\"708\">Compatibilidad<\/strong>: Total con ATX 3.0 y PCIe 5.0 (en versiones actualizadas)<\/p>\n<\/li>\n<\/ul>\n<hr data-start=\"768\" data-end=\"771\" \/>\n","protected":false},"excerpt":{"rendered":"<p>Fuente de alimentaci\u00f3n totalmente modular de <strong data-start=\"95\" data-end=\"103\">850W<\/strong> con certificaci\u00f3n <strong data-start=\"122\" data-end=\"138\">80 PLUS Gold<\/strong>, ideal para equipos de alto rendimiento. Silenciosa, eficiente y con condensadores 100% japoneses para m\u00e1xima fiabilidad y durabilidad. Compatible con los \u00faltimos est\u00e1ndares ATX<\/p>\n","protected":false},"featured_media":2098,"comment_status":"open","ping_status":"closed","template":"","meta":{"_bst_post_transparent":"default","_bst_post_title":"","_bst_post_layout":"default","_bst_post_sidebar_id":"","_bst_post_content_style":"default","_bst_post_vertical_padding":"default","_bst_post_feature":"","_bst_post_feature_position":"","_bst_post_header":false,"_bst_post_footer":false},"product_brand":[],"product_cat":[130],"product_tag":[],"product_brands":[],"class_list":{"0":"post-2096","1":"product","2":"type-product","3":"status-publish","4":"has-post-thumbnail","6":"product_cat-fuente-de-alimentacion","8":"first","9":"instock","10":"sale","11":"shipping-taxable","12":"purchasable","13":"product-type-simple","14":"entry","15":"content-bg","16":"loop-entry"},"yoast_head":"<!-- This site is optimized with the Yoast SEO plugin v25.1 - https:\/\/yoast.com\/wordpress\/plugins\/seo\/ -->\n<title>Corsair RM850x 80+ Gold - SoftDrop<\/title>\n<meta name=\"robots\" content=\"index, follow, max-snippet:-1, max-image-preview:large, max-video-preview:-1\" \/>\n<link rel=\"canonical\" href=\"https:\/\/softdrop.es\/?product=corsair-rm850x-80-gold\" \/>\n<meta property=\"og:locale\" content=\"es_ES\" \/>\n<meta property=\"og:type\" content=\"article\" \/>\n<meta property=\"og:title\" content=\"Corsair RM850x 80+ Gold - SoftDrop\" \/>\n<meta property=\"og:description\" content=\"Fuente de alimentaci\u00f3n totalmente modular de 850W con certificaci\u00f3n 80 PLUS Gold, ideal para equipos de alto rendimiento. Silenciosa, eficiente y con condensadores 100% japoneses para m\u00e1xima fiabilidad y durabilidad. Compatible con los \u00faltimos est\u00e1ndares ATX\" \/>\n<meta property=\"og:url\" content=\"https:\/\/softdrop.es\/?product=corsair-rm850x-80-gold\" \/>\n<meta property=\"og:site_name\" content=\"SoftDrop\" \/>\n<meta property=\"og:image\" content=\"https:\/\/softdrop.es\/wp-content\/uploads\/2025\/05\/dffdsd.jpg\" \/>\n\t<meta property=\"og:image:width\" content=\"600\" \/>\n\t<meta property=\"og:image:height\" content=\"600\" \/>\n\t<meta property=\"og:image:type\" content=\"image\/jpeg\" \/>\n<meta name=\"twitter:card\" content=\"summary_large_image\" \/>\n<meta name=\"twitter:label1\" content=\"Tiempo de lectura\" \/>\n\t<meta name=\"twitter:data1\" content=\"1 minuto\" \/>\n<script type=\"application\/ld+json\" class=\"yoast-schema-graph\">{\"@context\":\"https:\/\/schema.org\",\"@graph\":[{\"@type\":\"WebPage\",\"@id\":\"https:\/\/softdrop.es\/?product=corsair-rm850x-80-gold\",\"url\":\"https:\/\/softdrop.es\/?product=corsair-rm850x-80-gold\",\"name\":\"Corsair RM850x 80+ Gold - SoftDrop\",\"isPartOf\":{\"@id\":\"http:\/\/softdrop.es\/#website\"},\"primaryImageOfPage\":{\"@id\":\"https:\/\/softdrop.es\/?product=corsair-rm850x-80-gold#primaryimage\"},\"image\":{\"@id\":\"https:\/\/softdrop.es\/?product=corsair-rm850x-80-gold#primaryimage\"},\"thumbnailUrl\":\"https:\/\/softdrop.es\/wp-content\/uploads\/2025\/05\/dffdsd.jpg\",\"datePublished\":\"2025-05-23T13:59:42+00:00\",\"breadcrumb\":{\"@id\":\"https:\/\/softdrop.es\/?product=corsair-rm850x-80-gold#breadcrumb\"},\"inLanguage\":\"es\",\"potentialAction\":[{\"@type\":\"ReadAction\",\"target\":[\"https:\/\/softdrop.es\/?product=corsair-rm850x-80-gold\"]}]},{\"@type\":\"ImageObject\",\"inLanguage\":\"es\",\"@id\":\"https:\/\/softdrop.es\/?product=corsair-rm850x-80-gold#primaryimage\",\"url\":\"https:\/\/softdrop.es\/wp-content\/uploads\/2025\/05\/dffdsd.jpg\",\"contentUrl\":\"https:\/\/softdrop.es\/wp-content\/uploads\/2025\/05\/dffdsd.jpg\",\"width\":600,\"height\":600},{\"@type\":\"BreadcrumbList\",\"@id\":\"https:\/\/softdrop.es\/?product=corsair-rm850x-80-gold#breadcrumb\",\"itemListElement\":[{\"@type\":\"ListItem\",\"position\":1,\"name\":\"Home\",\"item\":\"https:\/\/softdrop.es\/\"},{\"@type\":\"ListItem\",\"position\":2,\"name\":\"tienda\",\"item\":\"https:\/\/softdrop.es\/?page_id=5\"},{\"@type\":\"ListItem\",\"position\":3,\"name\":\"Corsair RM850x 80+ Gold\"}]},{\"@type\":\"WebSite\",\"@id\":\"http:\/\/softdrop.es\/#website\",\"url\":\"http:\/\/softdrop.es\/\",\"name\":\"SoftDrop\",\"description\":\"\",\"publisher\":{\"@id\":\"http:\/\/softdrop.es\/#organization\"},\"potentialAction\":[{\"@type\":\"SearchAction\",\"target\":{\"@type\":\"EntryPoint\",\"urlTemplate\":\"http:\/\/softdrop.es\/?s={search_term_string}\"},\"query-input\":{\"@type\":\"PropertyValueSpecification\",\"valueRequired\":true,\"valueName\":\"search_term_string\"}}],\"inLanguage\":\"es\"},{\"@type\":\"Organization\",\"@id\":\"http:\/\/softdrop.es\/#organization\",\"name\":\"SoftDrop\",\"url\":\"http:\/\/softdrop.es\/\",\"logo\":{\"@type\":\"ImageObject\",\"inLanguage\":\"es\",\"@id\":\"http:\/\/softdrop.es\/#\/schema\/logo\/image\/\",\"url\":\"https:\/\/softdrop.es\/wp-content\/uploads\/2025\/05\/cropped-softdropLogo.png\",\"contentUrl\":\"https:\/\/softdrop.es\/wp-content\/uploads\/2025\/05\/cropped-softdropLogo.png\",\"width\":957,\"height\":382,\"caption\":\"SoftDrop\"},\"image\":{\"@id\":\"http:\/\/softdrop.es\/#\/schema\/logo\/image\/\"}}]}<\/script>\n<!-- \/ Yoast SEO plugin. -->","yoast_head_json":{"title":"Corsair RM850x 80+ Gold - SoftDrop","robots":{"index":"index","follow":"follow","max-snippet":"max-snippet:-1","max-image-preview":"max-image-preview:large","max-video-preview":"max-video-preview:-1"},"canonical":"https:\/\/softdrop.es\/?product=corsair-rm850x-80-gold","og_locale":"es_ES","og_type":"article","og_title":"Corsair RM850x 80+ Gold - SoftDrop","og_description":"Fuente de alimentaci\u00f3n totalmente modular de 850W con certificaci\u00f3n 80 PLUS Gold, ideal para equipos de alto rendimiento. Silenciosa, eficiente y con condensadores 100% japoneses para m\u00e1xima fiabilidad y durabilidad. Compatible con los \u00faltimos est\u00e1ndares ATX","og_url":"https:\/\/softdrop.es\/?product=corsair-rm850x-80-gold","og_site_name":"SoftDrop","og_image":[{"width":600,"height":600,"url":"https:\/\/softdrop.es\/wp-content\/uploads\/2025\/05\/dffdsd.jpg","type":"image\/jpeg"}],"twitter_card":"summary_large_image","twitter_misc":{"Tiempo de lectura":"1 minuto"},"schema":{"@context":"https:\/\/schema.org","@graph":[{"@type":"WebPage","@id":"https:\/\/softdrop.es\/?product=corsair-rm850x-80-gold","url":"https:\/\/softdrop.es\/?product=corsair-rm850x-80-gold","name":"Corsair RM850x 80+ Gold - SoftDrop","isPartOf":{"@id":"http:\/\/softdrop.es\/#website"},"primaryImageOfPage":{"@id":"https:\/\/softdrop.es\/?product=corsair-rm850x-80-gold#primaryimage"},"image":{"@id":"https:\/\/softdrop.es\/?product=corsair-rm850x-80-gold#primaryimage"},"thumbnailUrl":"https:\/\/softdrop.es\/wp-content\/uploads\/2025\/05\/dffdsd.jpg","datePublished":"2025-05-23T13:59:42+00:00","breadcrumb":{"@id":"https:\/\/softdrop.es\/?product=corsair-rm850x-80-gold#breadcrumb"},"inLanguage":"es","potentialAction":[{"@type":"ReadAction","target":["https:\/\/softdrop.es\/?product=corsair-rm850x-80-gold"]}]},{"@type":"ImageObject","inLanguage":"es","@id":"https:\/\/softdrop.es\/?product=corsair-rm850x-80-gold#primaryimage","url":"https:\/\/softdrop.es\/wp-content\/uploads\/2025\/05\/dffdsd.jpg","contentUrl":"https:\/\/softdrop.es\/wp-content\/uploads\/2025\/05\/dffdsd.jpg","width":600,"height":600},{"@type":"BreadcrumbList","@id":"https:\/\/softdrop.es\/?product=corsair-rm850x-80-gold#breadcrumb","itemListElement":[{"@type":"ListItem","position":1,"name":"Home","item":"https:\/\/softdrop.es\/"},{"@type":"ListItem","position":2,"name":"tienda","item":"https:\/\/softdrop.es\/?page_id=5"},{"@type":"ListItem","position":3,"name":"Corsair RM850x 80+ Gold"}]},{"@type":"WebSite","@id":"http:\/\/softdrop.es\/#website","url":"http:\/\/softdrop.es\/","name":"SoftDrop","description":"","publisher":{"@id":"http:\/\/softdrop.es\/#organization"},"potentialAction":[{"@type":"SearchAction","target":{"@type":"EntryPoint","urlTemplate":"http:\/\/softdrop.es\/?s={search_term_string}"},"query-input":{"@type":"PropertyValueSpecification","valueRequired":true,"valueName":"search_term_string"}}],"inLanguage":"es"},{"@type":"Organization","@id":"http:\/\/softdrop.es\/#organization","name":"SoftDrop","url":"http:\/\/softdrop.es\/","logo":{"@type":"ImageObject","inLanguage":"es","@id":"http:\/\/softdrop.es\/#\/schema\/logo\/image\/","url":"https:\/\/softdrop.es\/wp-content\/uploads\/2025\/05\/cropped-softdropLogo.png","contentUrl":"https:\/\/softdrop.es\/wp-content\/uploads\/2025\/05\/cropped-softdropLogo.png","width":957,"height":382,"caption":"SoftDrop"},"image":{"@id":"http:\/\/softdrop.es\/#\/schema\/logo\/image\/"}}]}},"_links":{"self":[{"href":"https:\/\/softdrop.es\/index.php?rest_route=\/wp\/v2\/product\/2096","targetHints":{"allow":["GET"]}}],"collection":[{"href":"https:\/\/softdrop.es\/index.php?rest_route=\/wp\/v2\/product"}],"about":[{"href":"https:\/\/softdrop.es\/index.php?rest_route=\/wp\/v2\/types\/product"}],"replies":[{"embeddable":true,"href":"https:\/\/softdrop.es\/index.php?rest_route=%2Fwp%2Fv2%2Fcomments&post=2096"}],"wp:featuredmedia":[{"embeddable":true,"href":"https:\/\/softdrop.es\/index.php?rest_route=\/wp\/v2\/media\/2098"}],"wp:attachment":[{"href":"https:\/\/softdrop.es\/index.php?rest_route=%2Fwp%2Fv2%2Fmedia&parent=2096"}],"wp:term":[{"taxonomy":"product_brand","embeddable":true,"href":"https:\/\/softdrop.es\/index.php?rest_route=%2Fwp%2Fv2%2Fproduct_brand&post=2096"},{"taxonomy":"product_cat","embeddable":true,"href":"https:\/\/softdrop.es\/index.php?rest_route=%2Fwp%2Fv2%2Fproduct_cat&post=2096"},{"taxonomy":"product_tag","embeddable":true,"href":"https:\/\/softdrop.es\/index.php?rest_route=%2Fwp%2Fv2%2Fproduct_tag&post=2096"},{"taxonomy":"product_brands","embeddable":true,"href":"https:\/\/softdrop.es\/index.php?rest_route=%2Fwp%2Fv2%2Fproduct_brands&post=2096"}],"curies":[{"name":"wp","href":"https:\/\/api.w.org\/{rel}","templated":true}]}}