{"id":2090,"date":"2025-05-23T11:54:47","date_gmt":"2025-05-23T11:54:47","guid":{"rendered":"https:\/\/softdrop.es\/?post_type=product&#038;p=2090"},"modified":"2025-05-23T11:55:59","modified_gmt":"2025-05-23T11:55:59","slug":"asus-rog-strix-z790-e-gaming-wifi","status":"publish","type":"product","link":"https:\/\/softdrop.es\/?product=asus-rog-strix-z790-e-gaming-wifi","title":{"rendered":"ASUS ROG Strix Z790-E Gaming WiFi"},"content":{"rendered":"<p><span class=\"relative -mx-px my-[-0.2rem] rounded px-px py-[0.2rem] transition-colors duration-100 ease-in-out\">La <strong data-start=\"3\" data-end=\"40\">ASUS ROG Strix Z790-E Gaming WiFi<\/strong> es una placa base de alto rendimiento dise\u00f1ada para entusiastas del gaming y creadores de contenido que buscan lo \u00faltimo en tecnolog\u00eda y conectividad.<\/span> A continuaci\u00f3n, se detallan sus caracter\u00edsticas principales y una propuesta de landing page para destacar sus ventajas.<\/p>\n<p>&nbsp;<\/p>\n<figure id=\"attachment_2091\" aria-describedby=\"caption-attachment-2091\" style=\"width: 344px\" class=\"wp-caption aligncenter\"><img fetchpriority=\"high\" decoding=\"async\" class=\" wp-image-2091\" src=\"https:\/\/softdrop.es\/wp-content\/uploads\/2025\/05\/81cQQqzPcSL-300x300.jpg\" alt=\"\" width=\"344\" height=\"344\" srcset=\"https:\/\/softdrop.es\/wp-content\/uploads\/2025\/05\/81cQQqzPcSL-300x300.jpg 300w, https:\/\/softdrop.es\/wp-content\/uploads\/2025\/05\/81cQQqzPcSL-1024x1024.jpg 1024w, https:\/\/softdrop.es\/wp-content\/uploads\/2025\/05\/81cQQqzPcSL-150x150.jpg 150w, https:\/\/softdrop.es\/wp-content\/uploads\/2025\/05\/81cQQqzPcSL-768x768.jpg 768w, https:\/\/softdrop.es\/wp-content\/uploads\/2025\/05\/81cQQqzPcSL-1536x1536.jpg 1536w, https:\/\/softdrop.es\/wp-content\/uploads\/2025\/05\/81cQQqzPcSL-2048x2048.jpg 2048w, https:\/\/softdrop.es\/wp-content\/uploads\/2025\/05\/81cQQqzPcSL-12x12.jpg 12w, https:\/\/softdrop.es\/wp-content\/uploads\/2025\/05\/81cQQqzPcSL-700x700.jpg 700w, https:\/\/softdrop.es\/wp-content\/uploads\/2025\/05\/81cQQqzPcSL-100x100.jpg 100w, https:\/\/softdrop.es\/wp-content\/uploads\/2025\/05\/81cQQqzPcSL-600x600.jpg 600w, https:\/\/softdrop.es\/wp-content\/uploads\/2025\/05\/81cQQqzPcSL-96x96.jpg 96w, https:\/\/softdrop.es\/wp-content\/uploads\/2025\/05\/81cQQqzPcSL-460x460.jpg 460w, https:\/\/softdrop.es\/wp-content\/uploads\/2025\/05\/81cQQqzPcSL-1400x1400.jpg 1400w, https:\/\/softdrop.es\/wp-content\/uploads\/2025\/05\/81cQQqzPcSL-276x276.jpg 276w, https:\/\/softdrop.es\/wp-content\/uploads\/2025\/05\/81cQQqzPcSL-138x138.jpg 138w\" sizes=\"(max-width: 344px) 100vw, 344px\" \/><figcaption id=\"caption-attachment-2091\" class=\"wp-caption-text\">Version 1.0.0<\/figcaption><\/figure>\n<h2 data-start=\"384\" data-end=\"418\">\ud83d\udee0\ufe0f Especificaciones Destacadas<\/h2>\n<ul data-start=\"420\" data-end=\"1313\">\n<li data-start=\"420\" data-end=\"473\">\n<p data-start=\"422\" data-end=\"473\"><strong data-start=\"422\" data-end=\"433\">Socket:<\/strong> <span class=\"relative -mx-px my-[-0.2rem] rounded px-px py-[0.2rem] bg-[#FCECC1] dark:bg-[#64572A] transition-colors duration-100 ease-in-out\">Intel LGA 1700 (compatible con procesadores Intel de 12\u00aa, 13\u00aa y 14\u00aa generaci\u00f3n)<\/span><\/p>\n<\/li>\n<li data-start=\"474\" data-end=\"528\">\n<p data-start=\"476\" data-end=\"528\"><strong data-start=\"476\" data-end=\"488\">Chipset:<\/strong> <span class=\"relative -mx-px my-[-0.2rem] rounded px-px py-[0.2rem] transition-colors duration-100 ease-in-out\">Intel Z790<\/span><\/p>\n<\/li>\n<li data-start=\"529\" data-end=\"547\">\n<p data-start=\"531\" data-end=\"547\"><strong data-start=\"531\" data-end=\"543\">Formato:<\/strong> ATX<\/p>\n<\/li>\n<li data-start=\"548\" data-end=\"606\">\n<p data-start=\"550\" data-end=\"606\"><strong data-start=\"550\" data-end=\"566\">Memoria RAM:<\/strong> <span class=\"relative -mx-px my-[-0.2rem] rounded px-px py-[0.2rem] transition-colors duration-100 ease-in-out\">4 ranuras DDR5, hasta 192\u202fGB, soporta perfiles Intel XMP<\/span><\/p>\n<\/li>\n<li data-start=\"607\" data-end=\"716\">\n<p data-start=\"609\" data-end=\"628\"><strong data-start=\"609\" data-end=\"628\">Almacenamiento:<\/strong><\/p>\n<ul data-start=\"631\" data-end=\"716\">\n<li data-start=\"631\" data-end=\"672\">\n<p data-start=\"633\" data-end=\"672\"><span class=\"relative -mx-px my-[-0.2rem] rounded px-px py-[0.2rem] transition-colors duration-100 ease-in-out\">5 ranuras M.2 (1 PCIe 5.0, 4 PCIe 4.0)<\/span><\/p>\n<\/li>\n<li data-start=\"675\" data-end=\"716\">\n<p data-start=\"677\" data-end=\"716\"><span class=\"relative -mx-px my-[-0.2rem] rounded px-px py-[0.2rem] transition-colors duration-100 ease-in-out\">4 puertos SATA III<\/span><\/p>\n<\/li>\n<\/ul>\n<\/li>\n<li data-start=\"717\" data-end=\"865\">\n<p data-start=\"719\" data-end=\"733\"><strong data-start=\"719\" data-end=\"733\">Expansi\u00f3n:<\/strong><\/p>\n<ul data-start=\"736\" data-end=\"865\">\n<li data-start=\"736\" data-end=\"777\">\n<p data-start=\"738\" data-end=\"777\"><span class=\"relative -mx-px my-[-0.2rem] rounded px-px py-[0.2rem] transition-colors duration-100 ease-in-out\">1 ranura PCIe 5.0 x16<\/span><\/p>\n<\/li>\n<li data-start=\"780\" data-end=\"821\">\n<p data-start=\"782\" data-end=\"821\"><span class=\"relative -mx-px my-[-0.2rem] rounded px-px py-[0.2rem] transition-colors duration-100 ease-in-out\">2 ranuras PCIe 4.0 x4<\/span><\/p>\n<\/li>\n<li data-start=\"824\" data-end=\"865\">\n<p data-start=\"826\" data-end=\"865\"><span class=\"relative -mx-px my-[-0.2rem] rounded px-px py-[0.2rem] transition-colors duration-100 ease-in-out\">1 ranura PCIe 3.0 x1<\/span><\/p>\n<\/li>\n<\/ul>\n<\/li>\n<li data-start=\"866\" data-end=\"1010\">\n<p data-start=\"868\" data-end=\"878\"><strong data-start=\"868\" data-end=\"878\">Redes:<\/strong><\/p>\n<ul data-start=\"881\" data-end=\"1010\">\n<li data-start=\"881\" data-end=\"922\">\n<p data-start=\"883\" data-end=\"922\"><span class=\"relative -mx-px my-[-0.2rem] rounded px-px py-[0.2rem] transition-colors duration-100 ease-in-out\">Ethernet Intel 2.5\u202fGb<\/span><\/p>\n<\/li>\n<li data-start=\"925\" data-end=\"966\">\n<p data-start=\"927\" data-end=\"966\"><span class=\"relative -mx-px my-[-0.2rem] rounded px-px py-[0.2rem] bg-[#FCECC1] dark:bg-[#64572A] transition-colors duration-100 ease-in-out\">Wi-Fi 6E<\/span><\/p>\n<\/li>\n<li data-start=\"969\" data-end=\"1010\">\n<p data-start=\"971\" data-end=\"1010\"><span class=\"relative -mx-px my-[-0.2rem] rounded px-px py-[0.2rem] transition-colors duration-100 ease-in-out\">Bluetooth 5.3<\/span><\/p>\n<\/li>\n<\/ul>\n<\/li>\n<li data-start=\"1011\" data-end=\"1063\">\n<p data-start=\"1013\" data-end=\"1063\"><strong data-start=\"1013\" data-end=\"1023\">Audio:<\/strong> <span class=\"relative -mx-px my-[-0.2rem] rounded px-px py-[0.2rem] transition-colors duration-100 ease-in-out\">Chip Realtek ALC4080 con soporte para 7.1 canales<\/span><\/p>\n<\/li>\n<li data-start=\"1064\" data-end=\"1215\">\n<p data-start=\"1066\" data-end=\"1083\"><strong data-start=\"1066\" data-end=\"1083\">Conectividad:<\/strong><\/p>\n<ul data-start=\"1086\" data-end=\"1215\">\n<li data-start=\"1086\" data-end=\"1127\">\n<p data-start=\"1088\" data-end=\"1127\"><span class=\"relative -mx-px my-[-0.2rem] rounded px-px py-[0.2rem] transition-colors duration-100 ease-in-out\">USB 3.2 Gen 2&#215;2 Tipo-C (hasta 30\u202fW con PD 3.0)<\/span><\/p>\n<\/li>\n<li data-start=\"1130\" data-end=\"1171\">\n<p data-start=\"1132\" data-end=\"1171\"><span class=\"relative -mx-px my-[-0.2rem] rounded px-px py-[0.2rem] transition-colors duration-100 ease-in-out\">M\u00faltiples puertos USB 3.2 Gen 1 y Gen 2<\/span><\/p>\n<\/li>\n<li data-start=\"1174\" data-end=\"1215\">\n<p data-start=\"1176\" data-end=\"1215\"><span class=\"relative -mx-px my-[-0.2rem] rounded px-px py-[0.2rem] transition-colors duration-100 ease-in-out\">Salidas de video HDMI y DisplayPort<\/span><\/p>\n<\/li>\n<\/ul>\n<\/li>\n<li data-start=\"1216\" data-end=\"1313\">\n<p data-start=\"1218\" data-end=\"1313\"><strong data-start=\"1218\" data-end=\"1234\">Iluminaci\u00f3n:<\/strong> <span class=\"relative -mx-px my-[-0.2rem] rounded px-px py-[0.2rem] transition-colors duration-100 ease-in-out\">Compatibilidad con ASUS Aura Sync RGB<\/span><\/p>\n<\/li>\n<\/ul>\n<h3 data-start=\"1442\" data-end=\"1456\">Subt\u00edtulo:<\/h3>\n<p data-start=\"1457\" data-end=\"1578\"><strong data-start=\"1457\" data-end=\"1578\">La base perfecta para tu pr\u00f3xima estaci\u00f3n de batalla, con soporte para las \u00faltimas tecnolog\u00edas y un dise\u00f1o imponente.<\/strong><\/p>\n<h3 data-start=\"1580\" data-end=\"1594\">Secciones:<\/h3>\n<ol data-start=\"1596\" data-end=\"2358\">\n<li data-start=\"1596\" data-end=\"1764\">\n<p data-start=\"1599\" data-end=\"1635\"><strong data-start=\"1599\" data-end=\"1635\">Rendimiento de \u00daltima Generaci\u00f3n<\/strong><\/p>\n<ul data-start=\"1639\" data-end=\"1764\">\n<li data-start=\"1639\" data-end=\"1680\">\n<p data-start=\"1641\" data-end=\"1680\"><span class=\"relative -mx-px my-[-0.2rem] rounded px-px py-[0.2rem] transition-colors duration-100 ease-in-out\">Compatibilidad con procesadores Intel de hasta 14\u00aa generaci\u00f3n.<\/span><\/p>\n<\/li>\n<li data-start=\"1684\" data-end=\"1764\">\n<p data-start=\"1686\" data-end=\"1764\"><span class=\"relative -mx-px my-[-0.2rem] rounded px-px py-[0.2rem] transition-colors duration-100 ease-in-out\">Soporte para memoria DDR5 de alta velocidad.<\/span><\/p>\n<\/li>\n<\/ul>\n<\/li>\n<li data-start=\"1766\" data-end=\"1923\">\n<p data-start=\"1769\" data-end=\"1794\"><strong data-start=\"1769\" data-end=\"1794\">Conectividad Avanzada<\/strong><\/p>\n<ul data-start=\"1798\" data-end=\"1923\">\n<li data-start=\"1798\" data-end=\"1839\">\n<p data-start=\"1800\" data-end=\"1839\"><span class=\"relative -mx-px my-[-0.2rem] rounded px-px py-[0.2rem] transition-colors duration-100 ease-in-out\">Wi-Fi 6E y Ethernet 2.5\u202fGb para una conexi\u00f3n estable y r\u00e1pida.<\/span><\/p>\n<\/li>\n<li data-start=\"1843\" data-end=\"1923\">\n<p data-start=\"1845\" data-end=\"1923\"><span class=\"relative -mx-px my-[-0.2rem] rounded px-px py-[0.2rem] transition-colors duration-100 ease-in-out\">M\u00faltiples puertos USB de alta velocidad, incluyendo USB-C con Power Delivery.<\/span><\/p>\n<\/li>\n<\/ul>\n<\/li>\n<li data-start=\"1925\" data-end=\"2087\">\n<p data-start=\"1928\" data-end=\"1958\"><strong data-start=\"1928\" data-end=\"1958\">Almacenamiento y Expansi\u00f3n<\/strong><\/p>\n<ul data-start=\"1962\" data-end=\"2087\">\n<li data-start=\"1962\" data-end=\"2003\">\n<p data-start=\"1964\" data-end=\"2003\"><span class=\"relative -mx-px my-[-0.2rem] rounded px-px py-[0.2rem] transition-colors duration-100 ease-in-out\">Cinco ranuras M.2 para SSDs ultrarr\u00e1pidos.<\/span><\/p>\n<\/li>\n<li data-start=\"2007\" data-end=\"2087\">\n<p data-start=\"2009\" data-end=\"2087\"><span class=\"relative -mx-px my-[-0.2rem] rounded px-px py-[0.2rem] transition-colors duration-100 ease-in-out\">Compatibilidad con PCIe 5.0 para tarjetas gr\u00e1ficas de pr\u00f3xima generaci\u00f3n.<\/span><\/p>\n<\/li>\n<\/ul>\n<\/li>\n<li data-start=\"2089\" data-end=\"2242\">\n<p data-start=\"2092\" data-end=\"2113\"><strong data-start=\"2092\" data-end=\"2113\">Dise\u00f1o y Est\u00e9tica<\/strong><\/p>\n<ul data-start=\"2117\" data-end=\"2242\">\n<li data-start=\"2117\" data-end=\"2158\">\n<p data-start=\"2119\" data-end=\"2158\"><span class=\"relative -mx-px my-[-0.2rem] rounded px-px py-[0.2rem] transition-colors duration-100 ease-in-out\">Iluminaci\u00f3n RGB personalizable con ASUS Aura Sync.<\/span><\/p>\n<\/li>\n<li data-start=\"2162\" data-end=\"2242\">\n<p data-start=\"2164\" data-end=\"2242\"><span class=\"relative -mx-px my-[-0.2rem] rounded px-px py-[0.2rem] transition-colors duration-100 ease-in-out\">Dise\u00f1o robusto y elegante para destacar en cualquier configuraci\u00f3n.<\/span><\/p>\n<\/li>\n<\/ul>\n<\/li>\n<li data-start=\"2244\" data-end=\"2358\">\n<p data-start=\"2247\" data-end=\"2274\"><strong data-start=\"2247\" data-end=\"2274\">Audio de Alta Fidelidad<\/strong><\/p>\n<ul data-start=\"2278\" data-end=\"2358\">\n<li data-start=\"2278\" data-end=\"2358\">\n<p data-start=\"2280\" data-end=\"2358\"><span class=\"relative -mx-px my-[-0.2rem] rounded px-px py-[0.2rem] transition-colors duration-100 ease-in-out\">Chip de audio premium para una experiencia sonora envolvente.<\/span><\/p>\n<\/li>\n<\/ul>\n<\/li>\n<\/ol>\n<h3 data-start=\"2360\" data-end=\"2384\">Llamado a la Acci\u00f3n:<\/h3>\n<p data-start=\"2385\" data-end=\"2480\"><strong data-start=\"2385\" data-end=\"2480\">\u00a1Eleva tu experiencia de juego al siguiente nivel con la ASUS ROG Strix Z790-E Gaming WiFi!<\/strong><\/p>\n","protected":false},"excerpt":{"rendered":"<p>La base perfecta para tu pr\u00f3xima estaci\u00f3n de batalla, con soporte para las \u00faltimas tecnolog\u00edas y un dise\u00f1o imponente.<\/p>\n<p>&nbsp;<\/p>\n","protected":false},"featured_media":2091,"comment_status":"open","ping_status":"closed","template":"","meta":{"_bst_post_transparent":"default","_bst_post_title":"","_bst_post_layout":"default","_bst_post_sidebar_id":"","_bst_post_content_style":"default","_bst_post_vertical_padding":"default","_bst_post_feature":"","_bst_post_feature_position":"","_bst_post_header":false,"_bst_post_footer":false},"product_brand":[],"product_cat":[128],"product_tag":[],"product_brands":[],"class_list":{"0":"post-2090","1":"product","2":"type-product","3":"status-publish","4":"has-post-thumbnail","6":"product_cat-placa_base","8":"first","9":"instock","10":"sale","11":"shipping-taxable","12":"purchasable","13":"product-type-simple","14":"entry","15":"content-bg","16":"loop-entry"},"yoast_head":"<!-- This site is optimized with the Yoast SEO plugin v25.1 - https:\/\/yoast.com\/wordpress\/plugins\/seo\/ -->\n<title>ASUS ROG Strix Z790-E Gaming WiFi - SoftDrop<\/title>\n<meta name=\"robots\" content=\"index, follow, max-snippet:-1, max-image-preview:large, max-video-preview:-1\" \/>\n<link rel=\"canonical\" href=\"https:\/\/softdrop.es\/?product=asus-rog-strix-z790-e-gaming-wifi\" \/>\n<meta property=\"og:locale\" content=\"es_ES\" \/>\n<meta property=\"og:type\" content=\"article\" \/>\n<meta property=\"og:title\" content=\"ASUS ROG Strix Z790-E Gaming WiFi - SoftDrop\" \/>\n<meta property=\"og:description\" content=\"La base perfecta para tu pr\u00f3xima estaci\u00f3n de batalla, con soporte para las \u00faltimas tecnolog\u00edas y un dise\u00f1o imponente.  &nbsp;\" \/>\n<meta property=\"og:url\" content=\"https:\/\/softdrop.es\/?product=asus-rog-strix-z790-e-gaming-wifi\" \/>\n<meta property=\"og:site_name\" content=\"SoftDrop\" \/>\n<meta property=\"article:modified_time\" content=\"2025-05-23T11:55:59+00:00\" \/>\n<meta property=\"og:image\" content=\"https:\/\/softdrop.es\/wp-content\/uploads\/2025\/05\/81cQQqzPcSL.jpg\" \/>\n\t<meta property=\"og:image:width\" content=\"2500\" \/>\n\t<meta property=\"og:image:height\" content=\"2500\" \/>\n\t<meta property=\"og:image:type\" content=\"image\/jpeg\" \/>\n<meta name=\"twitter:card\" content=\"summary_large_image\" \/>\n<meta name=\"twitter:label1\" content=\"Tiempo de lectura\" \/>\n\t<meta name=\"twitter:data1\" content=\"2 minutos\" \/>\n<script type=\"application\/ld+json\" class=\"yoast-schema-graph\">{\"@context\":\"https:\/\/schema.org\",\"@graph\":[{\"@type\":\"WebPage\",\"@id\":\"https:\/\/softdrop.es\/?product=asus-rog-strix-z790-e-gaming-wifi\",\"url\":\"https:\/\/softdrop.es\/?product=asus-rog-strix-z790-e-gaming-wifi\",\"name\":\"ASUS ROG Strix Z790-E Gaming WiFi - SoftDrop\",\"isPartOf\":{\"@id\":\"http:\/\/softdrop.es\/#website\"},\"primaryImageOfPage\":{\"@id\":\"https:\/\/softdrop.es\/?product=asus-rog-strix-z790-e-gaming-wifi#primaryimage\"},\"image\":{\"@id\":\"https:\/\/softdrop.es\/?product=asus-rog-strix-z790-e-gaming-wifi#primaryimage\"},\"thumbnailUrl\":\"https:\/\/softdrop.es\/wp-content\/uploads\/2025\/05\/81cQQqzPcSL.jpg\",\"datePublished\":\"2025-05-23T11:54:47+00:00\",\"dateModified\":\"2025-05-23T11:55:59+00:00\",\"breadcrumb\":{\"@id\":\"https:\/\/softdrop.es\/?product=asus-rog-strix-z790-e-gaming-wifi#breadcrumb\"},\"inLanguage\":\"es\",\"potentialAction\":[{\"@type\":\"ReadAction\",\"target\":[\"https:\/\/softdrop.es\/?product=asus-rog-strix-z790-e-gaming-wifi\"]}]},{\"@type\":\"ImageObject\",\"inLanguage\":\"es\",\"@id\":\"https:\/\/softdrop.es\/?product=asus-rog-strix-z790-e-gaming-wifi#primaryimage\",\"url\":\"https:\/\/softdrop.es\/wp-content\/uploads\/2025\/05\/81cQQqzPcSL.jpg\",\"contentUrl\":\"https:\/\/softdrop.es\/wp-content\/uploads\/2025\/05\/81cQQqzPcSL.jpg\",\"width\":2500,\"height\":2500,\"caption\":\"Version 1.0.0\"},{\"@type\":\"BreadcrumbList\",\"@id\":\"https:\/\/softdrop.es\/?product=asus-rog-strix-z790-e-gaming-wifi#breadcrumb\",\"itemListElement\":[{\"@type\":\"ListItem\",\"position\":1,\"name\":\"Home\",\"item\":\"https:\/\/softdrop.es\/\"},{\"@type\":\"ListItem\",\"position\":2,\"name\":\"tienda\",\"item\":\"https:\/\/softdrop.es\/?page_id=5\"},{\"@type\":\"ListItem\",\"position\":3,\"name\":\"ASUS ROG Strix Z790-E Gaming WiFi\"}]},{\"@type\":\"WebSite\",\"@id\":\"http:\/\/softdrop.es\/#website\",\"url\":\"http:\/\/softdrop.es\/\",\"name\":\"SoftDrop\",\"description\":\"\",\"publisher\":{\"@id\":\"http:\/\/softdrop.es\/#organization\"},\"potentialAction\":[{\"@type\":\"SearchAction\",\"target\":{\"@type\":\"EntryPoint\",\"urlTemplate\":\"http:\/\/softdrop.es\/?s={search_term_string}\"},\"query-input\":{\"@type\":\"PropertyValueSpecification\",\"valueRequired\":true,\"valueName\":\"search_term_string\"}}],\"inLanguage\":\"es\"},{\"@type\":\"Organization\",\"@id\":\"http:\/\/softdrop.es\/#organization\",\"name\":\"SoftDrop\",\"url\":\"http:\/\/softdrop.es\/\",\"logo\":{\"@type\":\"ImageObject\",\"inLanguage\":\"es\",\"@id\":\"http:\/\/softdrop.es\/#\/schema\/logo\/image\/\",\"url\":\"https:\/\/softdrop.es\/wp-content\/uploads\/2025\/05\/cropped-softdropLogo.png\",\"contentUrl\":\"https:\/\/softdrop.es\/wp-content\/uploads\/2025\/05\/cropped-softdropLogo.png\",\"width\":957,\"height\":382,\"caption\":\"SoftDrop\"},\"image\":{\"@id\":\"http:\/\/softdrop.es\/#\/schema\/logo\/image\/\"}}]}<\/script>\n<!-- \/ Yoast SEO plugin. -->","yoast_head_json":{"title":"ASUS ROG Strix Z790-E Gaming WiFi - SoftDrop","robots":{"index":"index","follow":"follow","max-snippet":"max-snippet:-1","max-image-preview":"max-image-preview:large","max-video-preview":"max-video-preview:-1"},"canonical":"https:\/\/softdrop.es\/?product=asus-rog-strix-z790-e-gaming-wifi","og_locale":"es_ES","og_type":"article","og_title":"ASUS ROG Strix Z790-E Gaming WiFi - SoftDrop","og_description":"La base perfecta para tu pr\u00f3xima estaci\u00f3n de batalla, con soporte para las \u00faltimas tecnolog\u00edas y un dise\u00f1o imponente.  &nbsp;","og_url":"https:\/\/softdrop.es\/?product=asus-rog-strix-z790-e-gaming-wifi","og_site_name":"SoftDrop","article_modified_time":"2025-05-23T11:55:59+00:00","og_image":[{"width":2500,"height":2500,"url":"https:\/\/softdrop.es\/wp-content\/uploads\/2025\/05\/81cQQqzPcSL.jpg","type":"image\/jpeg"}],"twitter_card":"summary_large_image","twitter_misc":{"Tiempo de lectura":"2 minutos"},"schema":{"@context":"https:\/\/schema.org","@graph":[{"@type":"WebPage","@id":"https:\/\/softdrop.es\/?product=asus-rog-strix-z790-e-gaming-wifi","url":"https:\/\/softdrop.es\/?product=asus-rog-strix-z790-e-gaming-wifi","name":"ASUS ROG Strix Z790-E Gaming WiFi - SoftDrop","isPartOf":{"@id":"http:\/\/softdrop.es\/#website"},"primaryImageOfPage":{"@id":"https:\/\/softdrop.es\/?product=asus-rog-strix-z790-e-gaming-wifi#primaryimage"},"image":{"@id":"https:\/\/softdrop.es\/?product=asus-rog-strix-z790-e-gaming-wifi#primaryimage"},"thumbnailUrl":"https:\/\/softdrop.es\/wp-content\/uploads\/2025\/05\/81cQQqzPcSL.jpg","datePublished":"2025-05-23T11:54:47+00:00","dateModified":"2025-05-23T11:55:59+00:00","breadcrumb":{"@id":"https:\/\/softdrop.es\/?product=asus-rog-strix-z790-e-gaming-wifi#breadcrumb"},"inLanguage":"es","potentialAction":[{"@type":"ReadAction","target":["https:\/\/softdrop.es\/?product=asus-rog-strix-z790-e-gaming-wifi"]}]},{"@type":"ImageObject","inLanguage":"es","@id":"https:\/\/softdrop.es\/?product=asus-rog-strix-z790-e-gaming-wifi#primaryimage","url":"https:\/\/softdrop.es\/wp-content\/uploads\/2025\/05\/81cQQqzPcSL.jpg","contentUrl":"https:\/\/softdrop.es\/wp-content\/uploads\/2025\/05\/81cQQqzPcSL.jpg","width":2500,"height":2500,"caption":"Version 1.0.0"},{"@type":"BreadcrumbList","@id":"https:\/\/softdrop.es\/?product=asus-rog-strix-z790-e-gaming-wifi#breadcrumb","itemListElement":[{"@type":"ListItem","position":1,"name":"Home","item":"https:\/\/softdrop.es\/"},{"@type":"ListItem","position":2,"name":"tienda","item":"https:\/\/softdrop.es\/?page_id=5"},{"@type":"ListItem","position":3,"name":"ASUS ROG Strix Z790-E Gaming WiFi"}]},{"@type":"WebSite","@id":"http:\/\/softdrop.es\/#website","url":"http:\/\/softdrop.es\/","name":"SoftDrop","description":"","publisher":{"@id":"http:\/\/softdrop.es\/#organization"},"potentialAction":[{"@type":"SearchAction","target":{"@type":"EntryPoint","urlTemplate":"http:\/\/softdrop.es\/?s={search_term_string}"},"query-input":{"@type":"PropertyValueSpecification","valueRequired":true,"valueName":"search_term_string"}}],"inLanguage":"es"},{"@type":"Organization","@id":"http:\/\/softdrop.es\/#organization","name":"SoftDrop","url":"http:\/\/softdrop.es\/","logo":{"@type":"ImageObject","inLanguage":"es","@id":"http:\/\/softdrop.es\/#\/schema\/logo\/image\/","url":"https:\/\/softdrop.es\/wp-content\/uploads\/2025\/05\/cropped-softdropLogo.png","contentUrl":"https:\/\/softdrop.es\/wp-content\/uploads\/2025\/05\/cropped-softdropLogo.png","width":957,"height":382,"caption":"SoftDrop"},"image":{"@id":"http:\/\/softdrop.es\/#\/schema\/logo\/image\/"}}]}},"_links":{"self":[{"href":"https:\/\/softdrop.es\/index.php?rest_route=\/wp\/v2\/product\/2090","targetHints":{"allow":["GET"]}}],"collection":[{"href":"https:\/\/softdrop.es\/index.php?rest_route=\/wp\/v2\/product"}],"about":[{"href":"https:\/\/softdrop.es\/index.php?rest_route=\/wp\/v2\/types\/product"}],"replies":[{"embeddable":true,"href":"https:\/\/softdrop.es\/index.php?rest_route=%2Fwp%2Fv2%2Fcomments&post=2090"}],"wp:featuredmedia":[{"embeddable":true,"href":"https:\/\/softdrop.es\/index.php?rest_route=\/wp\/v2\/media\/2091"}],"wp:attachment":[{"href":"https:\/\/softdrop.es\/index.php?rest_route=%2Fwp%2Fv2%2Fmedia&parent=2090"}],"wp:term":[{"taxonomy":"product_brand","embeddable":true,"href":"https:\/\/softdrop.es\/index.php?rest_route=%2Fwp%2Fv2%2Fproduct_brand&post=2090"},{"taxonomy":"product_cat","embeddable":true,"href":"https:\/\/softdrop.es\/index.php?rest_route=%2Fwp%2Fv2%2Fproduct_cat&post=2090"},{"taxonomy":"product_tag","embeddable":true,"href":"https:\/\/softdrop.es\/index.php?rest_route=%2Fwp%2Fv2%2Fproduct_tag&post=2090"},{"taxonomy":"product_brands","embeddable":true,"href":"https:\/\/softdrop.es\/index.php?rest_route=%2Fwp%2Fv2%2Fproduct_brands&post=2090"}],"curies":[{"name":"wp","href":"https:\/\/api.w.org\/{rel}","templated":true}]}}